{"id":245760,"date":"2024-10-21T13:23:47","date_gmt":"2024-10-21T10:23:47","guid":{"rendered":"https:\/\/tsisma.com\/eventdekoration-mit-lichterketten-von-tsisma-iconic-events\/"},"modified":"2024-10-21T13:23:52","modified_gmt":"2024-10-21T10:23:52","slug":"eventdekoration-mit-lichterketten-von-tsisma-iconic-events","status":"publish","type":"page","link":"https:\/\/tsisma.com\/de\/eventdekoration-mit-lichterketten-von-tsisma-iconic-events\/","title":{"rendered":"Eventdekoration mit Lichterketten von Tsisma Iconic Events"},"content":{"rendered":"<p><div class=\"et_d4_element et_pb_section et_pb_section_0 et_pb_with_background  et_pb_css_mix_blend_mode et_section_regular et_block_section\" >\n\t\t\t\t\n\t\t\t\t\n\t\t\t\t\n\t\t\t\t\n\t\t\t\t\n\t\t\t\t\n\t\t\t\t<div class=\"et_d4_element et_pb_row et_pb_row_0 et_pb_gutters1  et_pb_css_mix_blend_mode et_block_row\">\n\t\t\t\t<div class=\"et_d4_element et_pb_column_4_4 et_pb_column et_pb_column_0  et_pb_css_mix_blend_mode et-last-child et_block_column\">\n\t\t\t\t\n\t\t\t\t\n\t\t\t\t\n\t\t\t\t\n\t\t\t\t<div class=\"et_pb_module et_d4_element dsm_dual_heading dsm_dual_heading_0  et_pb_bg_layout_light\">\n\t\t\t\t\n\t\t\t\t\n\t\t\t\t\n\t\t\t\t\n\t\t\t\t\n\t\t\t\t\n\t\t\t\t<div class=\"et_pb_module_inner\">\n\t\t\t\t\t<h1 class=\"dsm-dual-heading-main et_pb_module_header\"><span class=\"dsm-dual-heading-before\">Hochzeits- und Veranstaltungsdekoration mit Lichterketten aus dem  <\/span><span class=\"dsm-dual-heading-middle\">Tsisma Iconic Events<\/span><\/h1>\n\t\t\t\t<\/div>\n\t\t\t<\/div><div class=\"et_pb_module et_d4_element et_pb_text et_pb_text_0  et_pb_text_align_left et_pb_bg_layout_light\">\n\t\t\t\t\n\t\t\t\t\n\t\t\t\t\n\t\t\t\t\n\t\t\t\t<div class=\"et_pb_text_inner\"><p>Entdecken Sie, wie die <strong><em>Tsisma Iconic Events<\/em><\/strong> Ihren Veranstaltungsraum mit einzigartigen <strong>Lichterkettendekorationen<\/strong> in eine m\u00e4rchenhafte Beleuchtung f\u00fcr Ihren ganz besonderen Tag verwandeln kann. Unsere <strong>Lichterketten<\/strong> sind ideal f\u00fcr die Hochzeitsdekoration, sei es f\u00fcr die Tanzfl\u00e4che, den Eingang zu Ihrem Veranstaltungsort oder f\u00fcr die Schaffung magischer Tunnel und B\u00f6gen, die Ihre G\u00e4ste auf spektakul\u00e4re Weise willkommen hei\u00dfen. <\/p>\n<h4><\/h4>\n<h4><\/h4><\/div>\n\t\t\t<\/div>\n\t\t\t<\/div>\n\t\t\t\t\n\t\t\t\t\n\t\t\t\t\n\t\t\t\t\n\t\t\t<\/div>\n\t\t\t\t\n\t\t\t\t\n\t\t\t<\/div><div class=\"et_d4_element et_pb_section et_pb_section_1 et_pb_with_background  et_pb_css_mix_blend_mode et_section_regular et_block_section\" >\n\t\t\t\t\n\t\t\t\t\n\t\t\t\t\n\t\t\t\t\n\t\t\t\t\n\t\t\t\t\n\t\t\t\t<div class=\"et_d4_element et_pb_row et_pb_row_1  et_pb_css_mix_blend_mode et_block_row\">\n\t\t\t\t<div class=\"et_d4_element et_pb_column_4_4 et_pb_column et_pb_column_1  et_pb_css_mix_blend_mode et-last-child et_block_column\">\n\t\t\t\t\n\t\t\t\t\n\t\t\t\t\n\t\t\t\t\n\t\t\t\t<div class=\"et_pb_module et_d4_element dsm_dual_heading dsm_dual_heading_1  et_pb_text_align_center et_pb_bg_layout_light\">\n\t\t\t\t\n\t\t\t\t\n\t\t\t\t\n\t\t\t\t\n\t\t\t\t\n\t\t\t\t\n\t\t\t\t<div class=\"et_pb_module_inner\">\n\t\t\t\t\t<h2 class=\"dsm-dual-heading-main et_pb_module_header\"><span class=\"dsm-dual-heading-before\">Atmosph\u00e4rische Beleuchtung  <\/span><span class=\"dsm-dual-heading-middle\">f\u00fcr jeden Moment<\/span><\/h2>\n\t\t\t\t<\/div>\n\t\t\t<\/div><div class=\"et_pb_module et_d4_element et_pb_text et_pb_text_1  et_pb_text_align_center et_pb_bg_layout_light\">\n\t\t\t\t\n\t\t\t\t\n\t\t\t\t\n\t\t\t\t\n\t\t\t\t<div class=\"et_pb_text_inner\"><p>Unter <strong><em>Tsisma Iconic Events<\/em><\/strong>wissen wir, wie wichtig jedes Detail bei einer Hochzeit oder einem besonderen Ereignis ist. Die Dekoration mit <strong>Lichterketten<\/strong> \u00fcber der Tanzfl\u00e4che verleiht ein Gef\u00fchl von W\u00e4rme und Romantik, perfekt f\u00fcr Ihren ersten Tanz oder den H\u00f6hepunkt des Abends. Die Lichter schaffen eine Atmosph\u00e4re, die Ihre G\u00e4ste begeistert und einen Rahmen schafft, der Eleganz und Glamour ausstrahlt. Dar\u00fcber hinaus k\u00f6nnen wir jeden Teil Ihrer Veranstaltung mit <strong>Lichterketten<\/strong> dekorieren, z. B. <strong>Eing\u00e4nge<\/strong>, <strong>Tunnel<\/strong>, <strong>B\u00f6gen<\/strong> und <strong>umliegende Bereiche<\/strong>, und so einzigartige Lichtkulissen schaffen, die zu Ihrer \u00c4sthetik passen.   <\/p>\n<h4><\/h4><\/div>\n\t\t\t<\/div>\n\t\t\t<\/div>\n\t\t\t\t\n\t\t\t\t\n\t\t\t\t\n\t\t\t\t\n\t\t\t<\/div><div class=\"et_pb_with_border et_d4_element et_pb_row et_pb_row_2 et_pb_gutters3  et_pb_css_mix_blend_mode et_block_row\">\n\t\t\t\t<div class=\"et_d4_element et_pb_column_4_4 et_pb_column et_pb_column_2  et_pb_css_mix_blend_mode et-last-child et_block_column\">\n\t\t\t\t\n\t\t\t\t\n\t\t\t\t\n\t\t\t\t\n\t\t\t\t<div class=\"et_pb_module et_d4_element dsm_image_accordion dsm_image_accordion_0 dsm_image_accordion_animation_fade_in dsm_image_accordion_animation_sequence_on\">\n\t\t\t\t\n\t\t\t\t\n\t\t\t\t\n\t\t\t\t\n\t\t\t\t\n\t\t\t\t\n\t\t\t\t<div class=\"et_pb_module_inner\">\n\t\t\t\t\t<div class=\"dsm_image_accordion_wrapper dsm_image_accordion_trigger_on_hover\">\n                <div  class=\"et_pb_module dsm_image_accordion_child dsm_image_accordion_child_0 dsm_image_accordion_horizontal_center dsm_image_accordion_vertical_center      \"> \n\t\t\t   <div class=\"et_pb_module_inner\"> \n\t\t\t\t\t<div class=\"dsm_image_accordion_child_content\">\n\t\t\t\t\t\t\n\t\t\t\t\t\t\n\t\t\t\t\t\t\n\t\t\t\t\t\t\n\t\t\t\t\t<\/div>\n\t\t\t\t\t\n\t\t\t\t<\/div>\n\t\t\t<\/div><div  class=\"et_pb_module dsm_image_accordion_child dsm_image_accordion_child_1 dsm_image_accordion_horizontal_center dsm_image_accordion_vertical_center      \"> \n\t\t\t   <div class=\"et_pb_module_inner\"> \n\t\t\t\t\t<div class=\"dsm_image_accordion_child_content\">\n\t\t\t\t\t\t\n\t\t\t\t\t\t\n\t\t\t\t\t\t\n\t\t\t\t\t\t\n\t\t\t\t\t<\/div>\n\t\t\t\t\t\n\t\t\t\t<\/div>\n\t\t\t<\/div><div  class=\"et_pb_module dsm_image_accordion_child dsm_image_accordion_child_2 dsm_image_accordion_horizontal_center dsm_image_accordion_vertical_center      \"> \n\t\t\t   <div class=\"et_pb_module_inner\"> \n\t\t\t\t\t<div class=\"dsm_image_accordion_child_content\">\n\t\t\t\t\t\t\n\t\t\t\t\t\t\n\t\t\t\t\t\t\n\t\t\t\t\t\t\n\t\t\t\t\t<\/div>\n\t\t\t\t\t\n\t\t\t\t<\/div>\n\t\t\t<\/div><div  class=\"et_pb_module dsm_image_accordion_child dsm_image_accordion_child_3 dsm_image_accordion_horizontal_center dsm_image_accordion_vertical_center      \"> \n\t\t\t   <div class=\"et_pb_module_inner\"> \n\t\t\t\t\t<div class=\"dsm_image_accordion_child_content\">\n\t\t\t\t\t\t\n\t\t\t\t\t\t\n\t\t\t\t\t\t\n\t\t\t\t\t\t\n\t\t\t\t\t<\/div>\n\t\t\t\t\t\n\t\t\t\t<\/div>\n\t\t\t<\/div>\n            <\/div>\n\t\t\t\t<\/div>\n\t\t\t<\/div>\n\t\t\t<\/div>\n\t\t\t\t\n\t\t\t\t\n\t\t\t\t\n\t\t\t\t\n\t\t\t<\/div><div class=\"et_pb_with_border et_d4_element et_pb_row et_pb_row_3 et_pb_gutters2  et_pb_css_mix_blend_mode et_block_row\">\n\t\t\t\t<div class=\"et_d4_element et_pb_column_4_4 et_pb_column et_pb_column_3  et_pb_css_mix_blend_mode et-last-child et_block_column\">\n\t\t\t\t\n\t\t\t\t\n\t\t\t\t\n\t\t\t\t\n\t\t\t\t<div class=\"et_pb_module et_d4_element dsm_dual_heading dsm_dual_heading_2  et_pb_text_align_center et_pb_bg_layout_light\">\n\t\t\t\t\n\t\t\t\t\n\t\t\t\t\n\t\t\t\t\n\t\t\t\t\n\t\t\t\t\n\t\t\t\t<div class=\"et_pb_module_inner\">\n\t\t\t\t\t<h2 class=\"dsm-dual-heading-main et_pb_module_header\"><span class=\"dsm-dual-heading-before\">Flexible Dekorationsl\u00f6sungen  <\/span><span class=\"dsm-dual-heading-middle\">f\u00fcr jede Gelegenheit<\/span><\/h2>\n\t\t\t\t<\/div>\n\t\t\t<\/div><div class=\"et_pb_module et_d4_element et_pb_text et_pb_text_2  et_pb_text_align_center et_pb_bg_layout_light\">\n\t\t\t\t\n\t\t\t\t\n\t\t\t\t\n\t\t\t\t\n\t\t\t\t<div class=\"et_pb_text_inner\"><p>Ganz gleich, ob Sie eine Hochzeit, eine Taufe, eine Firmenveranstaltung oder eine pers\u00f6nliche Feier planen, <strong>Lichterketten<\/strong> sind die perfekte Wahl, um die Atmosph\u00e4re Ihres Veranstaltungsortes zu verbessern. Unsere L\u00f6sungen sind auf die Bed\u00fcrfnisse und den Stil Ihrer Veranstaltung zugeschnitten, sei es im Freien mit Lichtern, die zwischen Palmen h\u00e4ngen, oder in Innenr\u00e4umen mit Lichttunneln, die ein einzigartiges Eingangserlebnis bieten. <\/p>\n<p>&nbsp;<\/p>\n<h4><\/h4><\/div>\n\t\t\t<\/div>\n\t\t\t<\/div>\n\t\t\t\t\n\t\t\t\t\n\t\t\t\t\n\t\t\t\t\n\t\t\t<\/div>\n\t\t\t\t\n\t\t\t\t\n\t\t\t<\/div><div class=\"et_d4_element et_pb_section et_pb_section_2 et_pb_with_background  et_pb_css_mix_blend_mode et_section_regular et_block_section\" >\n\t\t\t\t\n\t\t\t\t\n\t\t\t\t\n\t\t\t\t\n\t\t\t\t\n\t\t\t\t\n\t\t\t\t<div class=\"et_d4_element et_pb_row et_pb_row_4  et_pb_css_mix_blend_mode et_block_row\">\n\t\t\t\t<div class=\"et_d4_element et_pb_column_4_4 et_pb_column et_pb_column_4  et_pb_css_mix_blend_mode et-last-child et_block_column\">\n\t\t\t\t\n\t\t\t\t\n\t\t\t\t\n\t\t\t\t\n\t\t\t\t<div class=\"et_pb_module et_d4_element dsm_dual_heading dsm_dual_heading_3  et_pb_text_align_center et_pb_bg_layout_dark\">\n\t\t\t\t\n\t\t\t\t\n\t\t\t\t\n\t\t\t\t\n\t\t\t\t\n\t\t\t\t\n\t\t\t\t<div class=\"et_pb_module_inner\">\n\t\t\t\t\t<h2 class=\"dsm-dual-heading-main et_pb_module_header\"><span class=\"dsm-dual-heading-before\"> <\/span><span class=\"dsm-dual-heading-middle\">Machen Sie Ihren Tag  <\/span><span class=\"dsm-dual-heading-after\">zu gl\u00e4nzen!<\/span><\/h2>\n\t\t\t\t<\/div>\n\t\t\t<\/div><div class=\"et_pb_module et_d4_element et_pb_text et_pb_text_3  et_pb_text_align_left et_pb_bg_layout_light\">\n\t\t\t\t\n\t\t\t\t\n\t\t\t\t\n\t\t\t\t\n\t\t\t\t<div class=\"et_pb_text_inner\"><p>Wenden Sie sich an <em>Tsisma Iconic Events<\/em>, um herauszufinden, wie wir Ihrer Veranstaltung unseren eigenen Hauch von Glamour verleihen k\u00f6nnen. Von der Dekoration der Tanzfl\u00e4che mit Leuchtst\u00e4ben bis hin zu einem magischen Lichtertunnel - wir sorgen daf\u00fcr, dass jeder Moment besonders und unvergesslich wird. <\/p>\n<p>&nbsp;<\/p><\/div>\n\t\t\t<\/div>\n\t\t\t<\/div>\n\t\t\t\t\n\t\t\t\t\n\t\t\t\t\n\t\t\t\t\n\t\t\t<\/div><div class=\"et_d4_element et_pb_row et_pb_row_5 et_pb_equal_columns et_pb_gutters1  et_pb_css_mix_blend_mode et_block_row\">\n\t\t\t\t<div class=\"et_d4_element et_pb_column_1_3 et_pb_column et_pb_column_5  et_pb_css_mix_blend_mode et_block_column\">\n\t\t\t\t\n\t\t\t\t\n\t\t\t\t\n\t\t\t\t\n\t\t\t\t<div class=\"et_pb_module et_d4_element et_pb_blurb et_pb_blurb_0  et_pb_text_align_left  et_pb_blurb_position_left et_block_module et_pb_bg_layout_dark\">\n\t\t\t\t\n\t\t\t\t\n\t\t\t\t\n\t\t\t\t\n\t\t\t\t<div class=\"et_pb_blurb_content\">\n\t\t\t\t\t<div class=\"et_pb_main_blurb_image et_pb_css_mix_blend_mode\"><span class=\"et_pb_image_wrap\"><span class=\"et-waypoint et_pb_animation_top et_pb_animation_top_tablet et_pb_animation_top_phone et-pb-icon\">\ue076<\/span><\/span><\/div>\n\t\t\t\t\t<div class=\"et_pb_blurb_container\">\n\t\t\t\t\t\t<h4 class=\"et_pb_module_header\"><span>hello@tsisma.com<\/span><\/h4>\n\t\t\t\t\t\t\n\t\t\t\t\t<\/div>\n\t\t\t\t<\/div>\n\t\t\t<\/div><div class=\"et_pb_module et_d4_element et_pb_blurb et_pb_blurb_1  et_pb_text_align_left  et_pb_blurb_position_left et_block_module et_pb_bg_layout_dark\">\n\t\t\t\t\n\t\t\t\t\n\t\t\t\t\n\t\t\t\t\n\t\t\t\t<div class=\"et_pb_blurb_content\">\n\t\t\t\t\t<div class=\"et_pb_main_blurb_image et_pb_css_mix_blend_mode\"><span class=\"et_pb_image_wrap\"><span class=\"et-waypoint et_pb_animation_top et_pb_animation_top_tablet et_pb_animation_top_phone et-pb-icon\">\ue090<\/span><\/span><\/div>\n\t\t\t\t\t<div class=\"et_pb_blurb_container\">\n\t\t\t\t\t\t<h4 class=\"et_pb_module_header\"><span>+306973054655<\/span><\/h4>\n\t\t\t\t\t\t\n\t\t\t\t\t<\/div>\n\t\t\t\t<\/div>\n\t\t\t<\/div><div class=\"et_pb_module et_d4_element et_pb_blurb et_pb_blurb_2  et_pb_text_align_left  et_pb_blurb_position_left et_block_module et_pb_bg_layout_dark\">\n\t\t\t\t\n\t\t\t\t\n\t\t\t\t\n\t\t\t\t\n\t\t\t\t<div class=\"et_pb_blurb_content\">\n\t\t\t\t\t<div class=\"et_pb_main_blurb_image et_pb_css_mix_blend_mode\"><span class=\"et_pb_image_wrap\"><span class=\"et-waypoint et_pb_animation_top et_pb_animation_top_tablet et_pb_animation_top_phone et-pb-icon\">\ue081<\/span><\/span><\/div>\n\t\t\t\t\t<div class=\"et_pb_blurb_container\">\n\t\t\t\t\t\t<h4 class=\"et_pb_module_header\"><span>Standorte<\/span><\/h4>\n\t\t\t\t\t\t<div class=\"et_pb_blurb_description\">\u0398\u03b5\u03c3\u03c3\u03b1\u03bb\u03bf\u03bd\u03af\u03ba\u03b7<br \/>\n\u0391\u03b8\u03ae\u03bd\u03b1<br \/>\n\u039c\u03cd\u03ba\u03bf\u03bd\u03bf\u03c2<\/div>\n\t\t\t\t\t<\/div>\n\t\t\t\t<\/div>\n\t\t\t<\/div><ul class=\"et_pb_module et_d4_element et_pb_social_media_follow et_pb_social_media_follow_0 clearfix  et_pb_text_align_center et_pb_bg_layout_light\">\n\t\t\t\t\n\t\t\t\t\n\t\t\t\t\n\t\t\t\t\n\t\t\t\t<li\n            class='et_d4_element et_pb_social_media_follow_network_0 et_pb_social_icon et_block_module et_pb_social_network_link  et-social-facebook et_pb_social_media_follow_network'><a href=\"https:\/\/www.facebook.com\/tsismaevents\/\" class=\"icon et_pb_with_border\" title=\"Auf Facebook folgen\" target=\"_blank\" rel=\"noopener\"><span\n                class='et_pb_social_media_follow_network_name'\n                aria-hidden='true'\n                >Folgen<\/span><\/a><\/li><li\n            class='et_d4_element et_pb_social_media_follow_network_1 et_pb_social_icon et_block_module et_pb_social_network_link  et-social-twitter et_pb_social_media_follow_network'><a href=\"https:\/\/twitter.com\/tsisma_events\" class=\"icon et_pb_with_border\" title=\"Auf X folgen\" target=\"_blank\" rel=\"noopener\"><span\n                class='et_pb_social_media_follow_network_name'\n                aria-hidden='true'\n                >Folgen<\/span><\/a><\/li><li\n            class='et_d4_element et_pb_social_media_follow_network_2 et_pb_social_icon et_block_module et_pb_social_network_link  et-social-instagram et_pb_social_media_follow_network'><a href=\"https:\/\/www.instagram.com\/tsisma_events\/\" class=\"icon et_pb_with_border\" title=\"Auf Instagram folgen\" target=\"_blank\" rel=\"noopener\"><span\n                class='et_pb_social_media_follow_network_name'\n                aria-hidden='true'\n                >Folgen<\/span><\/a><\/li><li\n            class='et_d4_element et_pb_social_media_follow_network_3 et_pb_social_icon et_block_module et_pb_social_network_link  et-social-linkedin et_pb_social_media_follow_network'><a\n              href='#'\n              class='icon et_pb_with_border'\n              title='Auf LinkedIn folgen'\n               target=\"_blank\"><span\n                class='et_pb_social_media_follow_network_name'\n                aria-hidden='true'\n                >Folgen<\/span><\/a><\/li><li\n            class='et_d4_element et_pb_social_media_follow_network_4 et_pb_social_icon et_block_module et_pb_social_network_link  et-social-youtube et_pb_social_media_follow_network'><a href=\"https:\/\/www.youtube.com\/channel\/UClHUbuXK9CnABkT9XfY0UUw\" class=\"icon et_pb_with_border\" title=\"Auf Youtube folgen\" target=\"_blank\" rel=\"noopener\"><span\n                class='et_pb_social_media_follow_network_name'\n                aria-hidden='true'\n                >Folgen<\/span><\/a><\/li><li\n            class='et_d4_element et_pb_social_media_follow_network_5 et_pb_social_icon et_block_module et_pb_social_network_link  et-social-tiktok et-pb-social-fa-icon et_pb_social_media_follow_network'><a\n              href='#'\n              class='icon et_pb_with_border'\n              title='Auf TikTok folgen'\n               target=\"_blank\"><span\n                class='et_pb_social_media_follow_network_name'\n                aria-hidden='true'\n                >Folgen<\/span><\/a><\/li><li\n            class='et_d4_element et_pb_social_media_follow_network_6 et_pb_social_icon et_block_module et_pb_social_network_link  et-social-spotify et-pb-social-fa-icon et_pb_social_media_follow_network'><a\n              href='#'\n              class='icon et_pb_with_border'\n              title='Auf Spotify folgen'\n               target=\"_blank\"><span\n                class='et_pb_social_media_follow_network_name'\n                aria-hidden='true'\n                >Folgen<\/span><\/a><\/li><li\n            class='et_d4_element et_pb_social_media_follow_network_7 et_pb_social_icon et_block_module et_pb_social_network_link  et-social-pinterest et_pb_social_media_follow_network'><a href=\"https:\/\/pin.it\/53s7Z49\" class=\"icon et_pb_with_border\" title=\"Auf Pinterest folgen\" target=\"_blank\" rel=\"noopener\"><span\n                class='et_pb_social_media_follow_network_name'\n                aria-hidden='true'\n                >Folgen<\/span><\/a><\/li><li\n            class='et_d4_element et_pb_social_media_follow_network_8 et_pb_social_icon et_block_module et_pb_social_network_link  et-social-whatsapp et-pb-social-fa-icon et_pb_social_media_follow_network'><a href=\"http:\/\/+306973054655\" class=\"icon et_pb_with_border\" title=\"Auf Whatsapp folgen\" target=\"_blank\"><span\n                class='et_pb_social_media_follow_network_name'\n                aria-hidden='true'\n                >Folgen<\/span><\/a><\/li>\n\t\t\t<\/ul>\n\t\t\t<\/div><div class=\"et_d4_element et_pb_column_2_3 et_pb_column et_pb_column_6  et_pb_css_mix_blend_mode et-last-child et_block_column\">\n\t\t\t\t\n\t\t\t\t\n\t\t\t\t\n\t\t\t\t\n\t\t\t\t\n\t\t\t<div id=\"et_pb_contact_form_0\" class=\"et_pb_with_border et_pb_module et_d4_element et_pb_contact_form_0 et_animated et_pb_recaptcha_enabled et_pb_contact_form_container clearfix et_block_module\" data-form_unique_num=\"0\" data-form_unique_id=\"72963492-779d-4b38-b92f-5eda9b88ffa7\">\n\t\t\t\t\n\t\t\t\t\n\t\t\t\t\n\t\t\t\t\n\t\t\t\t\n\t\t\t\t<div class=\"et-pb-contact-message\"><\/div>\n\t\t\t\t\n\t\t\t\t<div class=\"et_pb_contact\">\n\t\t\t\t\t<form class=\"et_pb_contact_form clearfix\" method=\"post\" action=\"https:\/\/tsisma.com\/de\/wp-json\/wp\/v2\/pages\/245760\">\n\t\t\t\t\t\t<p class=\"et_d4_element et_pb_contact_field et_pb_contact_field_0 et_pb_contact_field_last\" data-id=\"name\" data-type=\"input\">\n\t\t\t\t\n\t\t\t\t\n\t\t\t\t\n\t\t\t\t\n\t\t\t\t<label for=\"et_pb_contact_name_0\" class=\"et_pb_contact_form_label\">Vollst\u00e4ndiger Name<\/label>\n\t\t\t\t<input type=\"text\" id=\"et_pb_contact_name_0\" class=\"input\" value=\"\" name=\"et_pb_contact_name_0\" data-required_mark=\"required\" data-field_type=\"input\" data-original_id=\"name\" placeholder=\"Vollst\u00e4ndiger Name\">\n\t\t\t<\/p><p class=\"et_d4_element et_pb_contact_field et_pb_contact_field_1 et_pb_contact_field_last\" data-id=\"email\" data-type=\"email\">\n\t\t\t\t\n\t\t\t\t\n\t\t\t\t\n\t\t\t\t\n\t\t\t\t<label for=\"et_pb_contact_email_0\" class=\"et_pb_contact_form_label\">E-Mail Adresse<\/label>\n\t\t\t\t<input type=\"text\" id=\"et_pb_contact_email_0\" class=\"input\" value=\"\" name=\"et_pb_contact_email_0\" data-required_mark=\"required\" data-field_type=\"email\" data-original_id=\"email\" placeholder=\"E-Mail Adresse\">\n\t\t\t<\/p><p class=\"et_d4_element et_pb_contact_field et_pb_contact_field_2 et_pb_contact_field_last\" data-id=\"tel\" data-type=\"input\">\n\t\t\t\t\n\t\t\t\t\n\t\t\t\t\n\t\t\t\t\n\t\t\t\t<label for=\"et_pb_contact_tel_0\" class=\"et_pb_contact_form_label\">Telefonischer Kontakt<\/label>\n\t\t\t\t<input type=\"text\" id=\"et_pb_contact_tel_0\" class=\"input\" value=\"\" name=\"et_pb_contact_tel_0\" data-required_mark=\"required\" data-field_type=\"input\" data-original_id=\"tel\" placeholder=\"Telefonischer Kontakt\">\n\t\t\t<\/p><p class=\"et_d4_element et_pb_contact_field et_pb_contact_field_3 et_pb_contact_field_last\" data-id=\"type_of_event\" data-type=\"select\">\n\t\t\t\t\n\t\t\t\t\n\t\t\t\t\n\t\t\t\t\n\t\t\t\t<label for=\"et_pb_contact_type_of_event_0\" class=\"et_pb_contact_form_label\">Art der Veranstaltung<\/label>\n\t\t\t\t<select id=\"et_pb_contact_type_of_event_0\" class=\"et_pb_contact_select input\" name=\"et_pb_contact_type_of_event_0\" data-required_mark=\"required\" data-field_type=\"select\" data-original_id=\"type_of_event\">\n\t\t\t\t\t\t<option value=\"\">Art der Veranstaltung<\/option><option value=\"Firmenveranstaltung\">Firmenveranstaltung<\/option><option value=\"Hochzeit\">Hochzeit<\/option><option value=\"Eine weitere private Veranstaltung\">Eine weitere private Veranstaltung<\/option>\n\t\t\t\t\t<\/select>\n\t\t\t<\/p><p class=\"et_d4_element et_pb_contact_field et_pb_contact_field_4 et_pb_contact_field_last\" data-id=\"message\" data-type=\"text\">\n\t\t\t\t\n\t\t\t\t\n\t\t\t\t\n\t\t\t\t\n\t\t\t\t<label for=\"et_pb_contact_message_0\" class=\"et_pb_contact_form_label\">Ihre Nachricht<\/label>\n\t\t\t\t<textarea name=\"et_pb_contact_message_0\" id=\"et_pb_contact_message_0\" class=\"et_pb_contact_message input\" data-required_mark=\"required\" data-field_type=\"text\" data-original_id=\"message\" placeholder=\"Ihre Nachricht\"><\/textarea>\n\t\t\t<\/p>\n\t\t\t\t\t\t<input type=\"hidden\" value=\"et_contact_proccess\" name=\"et_pb_contactform_submit_0\"\/>\n\t\t\t\t\t\t<div class=\"et_contact_bottom_container\">\n\t\t\t\t\t\t\t\n\t\t\t\t\t\t\t<button type=\"submit\" name=\"et_builder_submit_button\" class=\"et_pb_contact_submit et_pb_button\" data-icon=\"E\">Senden an<\/button>\n\t\t\t\t\t\t<\/div>\n\t\t\t\t\t\t<input type=\"hidden\" id=\"_wpnonce-et-pb-contact-form-submitted-0\" name=\"_wpnonce-et-pb-contact-form-submitted-0\" value=\"0aa42faf7c\" \/><input type=\"hidden\" name=\"_wp_http_referer\" value=\"\/de\/wp-json\/wp\/v2\/pages\/245760\" \/>\n\t\t\t\t\t<\/form>\n\t\t\t\t<\/div>\n\t\t\t<\/div>\n\t\t\t\n\t\t\t<\/div>\n\t\t\t\t\n\t\t\t\t\n\t\t\t\t\n\t\t\t\t\n\t\t\t<\/div>\n\t\t\t\t\n\t\t\t\t\n\t\t\t<\/div><\/p>\n","protected":false},"excerpt":{"rendered":"","protected":false},"author":1,"featured_media":0,"parent":0,"menu_order":0,"comment_status":"closed","ping_status":"closed","template":"","meta":{"_et_pb_use_builder":"on","_et_pb_old_content":"","_et_gb_content_width":"","footnotes":""},"class_list":["post-245760","page","type-page","status-publish","hentry"],"_links":{"self":[{"href":"https:\/\/tsisma.com\/de\/wp-json\/wp\/v2\/pages\/245760","targetHints":{"allow":["GET"]}}],"collection":[{"href":"https:\/\/tsisma.com\/de\/wp-json\/wp\/v2\/pages"}],"about":[{"href":"https:\/\/tsisma.com\/de\/wp-json\/wp\/v2\/types\/page"}],"author":[{"embeddable":true,"href":"https:\/\/tsisma.com\/de\/wp-json\/wp\/v2\/users\/1"}],"replies":[{"embeddable":true,"href":"https:\/\/tsisma.com\/de\/wp-json\/wp\/v2\/comments?post=245760"}],"version-history":[{"count":0,"href":"https:\/\/tsisma.com\/de\/wp-json\/wp\/v2\/pages\/245760\/revisions"}],"wp:attachment":[{"href":"https:\/\/tsisma.com\/de\/wp-json\/wp\/v2\/media?parent=245760"}],"curies":[{"name":"wp","href":"https:\/\/api.w.org\/{rel}","templated":true}]}}