{"id":245754,"date":"2024-10-21T13:23:06","date_gmt":"2024-10-21T10:23:06","guid":{"rendered":"https:\/\/tsisma.com\/lichterkette-dekoration-fuer-hochzeit-und-veranstaltungen\/"},"modified":"2024-10-21T13:23:11","modified_gmt":"2024-10-21T10:23:11","slug":"lichterkette-dekoration-fuer-hochzeit-und-veranstaltungen","status":"publish","type":"page","link":"https:\/\/tsisma.com\/de\/lichterkette-dekoration-fuer-hochzeit-und-veranstaltungen\/","title":{"rendered":"Lichterkette Dekoration f\u00fcr Hochzeit und Veranstaltungen"},"content":{"rendered":"<p><div class=\"et_d4_element et_pb_section et_pb_section_0 et_pb_with_background  et_pb_css_mix_blend_mode et_section_regular et_block_section\" >\n\t\t\t\t\n\t\t\t\t\n\t\t\t\t\n\t\t\t\t\n\t\t\t\t\n\t\t\t\t\n\t\t\t\t<div class=\"et_d4_element et_pb_row et_pb_row_0 et_pb_gutters1  et_pb_css_mix_blend_mode et_block_row\">\n\t\t\t\t<div class=\"et_d4_element et_pb_column_4_4 et_pb_column et_pb_column_0  et_pb_css_mix_blend_mode et-last-child et_block_column\">\n\t\t\t\t\n\t\t\t\t\n\t\t\t\t\n\t\t\t\t\n\t\t\t\t<div class=\"et_pb_module et_d4_element dsm_dual_heading dsm_dual_heading_0  et_pb_bg_layout_light\">\n\t\t\t\t\n\t\t\t\t\n\t\t\t\t\n\t\t\t\t\n\t\t\t\t\n\t\t\t\t\n\t\t\t\t<div class=\"et_pb_module_inner\">\n\t\t\t\t\t<h1 class=\"dsm-dual-heading-main et_pb_module_header\"><span class=\"dsm-dual-heading-before\">Dekoration mit Lichterketten f\u00fcr Hochzeiten und Veranstaltungen von<\/span><span class=\"dsm-dual-heading-middle\">Tsisma Iconic Events<\/span><\/h1>\n\t\t\t\t<\/div>\n\t\t\t<\/div><div class=\"et_pb_module et_d4_element et_pb_text et_pb_text_0  et_pb_text_align_left et_pb_bg_layout_light\">\n\t\t\t\t\n\t\t\t\t\n\t\t\t\t\n\t\t\t\t\n\t\t\t\t<div class=\"et_pb_text_inner\"><p>\u0397 <strong><em>Tsisma Iconic Events<\/em><\/strong> bietet einen professionellen Dekorationsservice mit <strong>Lichterketten<\/strong> f\u00fcr Hochzeiten und jede Art von Veranstaltung und sorgt f\u00fcr ein magisches Ergebnis, das \u00c4sthetik und Funktionalit\u00e4t vereint. <strong>Lichterketten<\/strong> sind nicht nur eine dekorative Note, sondern die Hauptbeleuchtung des Veranstaltungsortes, die jeder Veranstaltung ein warmes und stimmungsvolles Gef\u00fchl verleiht. <\/p>\n<h3><\/h3>\n<h4><\/h4>\n<h4><\/h4><\/div>\n\t\t\t<\/div>\n\t\t\t<\/div>\n\t\t\t\t\n\t\t\t\t\n\t\t\t\t\n\t\t\t\t\n\t\t\t<\/div>\n\t\t\t\t\n\t\t\t\t\n\t\t\t<\/div><div class=\"et_d4_element et_pb_section et_pb_section_1 et_pb_with_background  et_pb_css_mix_blend_mode et_section_regular et_block_section\" >\n\t\t\t\t\n\t\t\t\t\n\t\t\t\t\n\t\t\t\t\n\t\t\t\t\n\t\t\t\t\n\t\t\t\t<div class=\"et_d4_element et_pb_row et_pb_row_1  et_pb_css_mix_blend_mode et_block_row\">\n\t\t\t\t<div class=\"et_d4_element et_pb_column_4_4 et_pb_column et_pb_column_1  et_pb_css_mix_blend_mode et-last-child et_block_column\">\n\t\t\t\t\n\t\t\t\t\n\t\t\t\t\n\t\t\t\t\n\t\t\t\t<div class=\"et_pb_module et_d4_element dsm_dual_heading dsm_dual_heading_1  et_pb_text_align_center et_pb_bg_layout_light\">\n\t\t\t\t\n\t\t\t\t\n\t\t\t\t\n\t\t\t\t\n\t\t\t\t\n\t\t\t\t\n\t\t\t\t<div class=\"et_pb_module_inner\">\n\t\t\t\t\t<h2 class=\"dsm-dual-heading-main et_pb_module_header\"><span class=\"dsm-dual-heading-before\">Grundlegende Beleuchtung f\u00fcr Hochzeiten und Veranstaltungen<\/span><span class=\"dsm-dual-heading-middle\">  mit Lichterkette<\/span><\/h2>\n\t\t\t\t<\/div>\n\t\t\t<\/div><div class=\"et_pb_module et_d4_element et_pb_text et_pb_text_1  et_pb_text_align_center et_pb_bg_layout_light\">\n\t\t\t\t\n\t\t\t\t\n\t\t\t\t\n\t\t\t\t\n\t\t\t\t<div class=\"et_pb_text_inner\"><p>Eine Dekoration mit <strong>Lichterketten<\/strong> ist die perfekte Wahl f\u00fcr alle, die nach einer einzigartigen und praktischen Art der Beleuchtung suchen. Unsere Lichterkettengirlanden sind ideal, um sie \u00fcber der Tanzfl\u00e4che anzubringen und ihnen ein Gef\u00fchl von Romantik und W\u00e4rme zu verleihen. Wenn die G\u00e4ste unter dem leuchtenden Himmel der <strong>Lichterketten<\/strong> tanzen, wird die Atmosph\u00e4re von Licht und Magie erf\u00fcllt und schafft eine unvergessliche Kulisse f\u00fcr jeden besonderen Anlass.  <\/p>\n<h4><\/h4><\/div>\n\t\t\t<\/div>\n\t\t\t<\/div>\n\t\t\t\t\n\t\t\t\t\n\t\t\t\t\n\t\t\t\t\n\t\t\t<\/div><div class=\"et_pb_with_border et_d4_element et_pb_row et_pb_row_2 et_pb_gutters3  et_pb_css_mix_blend_mode et_block_row\">\n\t\t\t\t<div class=\"et_d4_element et_pb_column_4_4 et_pb_column et_pb_column_2  et_pb_css_mix_blend_mode et-last-child et_block_column\">\n\t\t\t\t\n\t\t\t\t\n\t\t\t\t\n\t\t\t\t\n\t\t\t\t<div class=\"et_pb_module et_d4_element dsm_image_accordion dsm_image_accordion_0 dsm_image_accordion_animation_fade_in dsm_image_accordion_animation_sequence_on\">\n\t\t\t\t\n\t\t\t\t\n\t\t\t\t\n\t\t\t\t\n\t\t\t\t\n\t\t\t\t\n\t\t\t\t<div class=\"et_pb_module_inner\">\n\t\t\t\t\t<div class=\"dsm_image_accordion_wrapper dsm_image_accordion_trigger_on_hover\">\n                <div  class=\"et_pb_module dsm_image_accordion_child dsm_image_accordion_child_0 dsm_image_accordion_horizontal_center dsm_image_accordion_vertical_center      \"> \n\t\t\t   <div class=\"et_pb_module_inner\"> \n\t\t\t\t\t<div class=\"dsm_image_accordion_child_content\">\n\t\t\t\t\t\t\n\t\t\t\t\t\t\n\t\t\t\t\t\t\n\t\t\t\t\t\t\n\t\t\t\t\t<\/div>\n\t\t\t\t\t\n\t\t\t\t<\/div>\n\t\t\t<\/div><div  class=\"et_pb_module dsm_image_accordion_child dsm_image_accordion_child_1 dsm_image_accordion_horizontal_center dsm_image_accordion_vertical_center      \"> \n\t\t\t   <div class=\"et_pb_module_inner\"> \n\t\t\t\t\t<div class=\"dsm_image_accordion_child_content\">\n\t\t\t\t\t\t\n\t\t\t\t\t\t\n\t\t\t\t\t\t\n\t\t\t\t\t\t\n\t\t\t\t\t<\/div>\n\t\t\t\t\t\n\t\t\t\t<\/div>\n\t\t\t<\/div><div  class=\"et_pb_module dsm_image_accordion_child dsm_image_accordion_child_2 dsm_image_accordion_horizontal_center dsm_image_accordion_vertical_center      \"> \n\t\t\t   <div class=\"et_pb_module_inner\"> \n\t\t\t\t\t<div class=\"dsm_image_accordion_child_content\">\n\t\t\t\t\t\t\n\t\t\t\t\t\t\n\t\t\t\t\t\t\n\t\t\t\t\t\t\n\t\t\t\t\t<\/div>\n\t\t\t\t\t\n\t\t\t\t<\/div>\n\t\t\t<\/div><div  class=\"et_pb_module dsm_image_accordion_child dsm_image_accordion_child_3 dsm_image_accordion_horizontal_center dsm_image_accordion_vertical_center      \"> \n\t\t\t   <div class=\"et_pb_module_inner\"> \n\t\t\t\t\t<div class=\"dsm_image_accordion_child_content\">\n\t\t\t\t\t\t\n\t\t\t\t\t\t\n\t\t\t\t\t\t\n\t\t\t\t\t\t\n\t\t\t\t\t<\/div>\n\t\t\t\t\t\n\t\t\t\t<\/div>\n\t\t\t<\/div>\n            <\/div>\n\t\t\t\t<\/div>\n\t\t\t<\/div>\n\t\t\t<\/div>\n\t\t\t\t\n\t\t\t\t\n\t\t\t\t\n\t\t\t\t\n\t\t\t<\/div><div class=\"et_pb_with_border et_d4_element et_pb_row et_pb_row_3 et_pb_gutters2  et_pb_css_mix_blend_mode et_block_row\">\n\t\t\t\t<div class=\"et_d4_element et_pb_column_4_4 et_pb_column et_pb_column_3  et_pb_css_mix_blend_mode et-last-child et_block_column\">\n\t\t\t\t\n\t\t\t\t\n\t\t\t\t\n\t\t\t\t\n\t\t\t\t<div class=\"et_pb_module et_d4_element dsm_dual_heading dsm_dual_heading_2  et_pb_text_align_center et_pb_bg_layout_light\">\n\t\t\t\t\n\t\t\t\t\n\t\t\t\t\n\t\t\t\t\n\t\t\t\t\n\t\t\t\t\n\t\t\t\t<div class=\"et_pb_module_inner\">\n\t\t\t\t\t<h2 class=\"dsm-dual-heading-main et_pb_module_header\"><span class=\"dsm-dual-heading-before\">Integrierte Beleuchtungsl\u00f6sungen  <\/span><span class=\"dsm-dual-heading-middle\">f\u00fcr jedes Feld<\/span><\/h2>\n\t\t\t\t<\/div>\n\t\t\t<\/div><div class=\"et_pb_module et_d4_element et_pb_text et_pb_text_2  et_pb_text_align_center et_pb_bg_layout_light\">\n\t\t\t\t\n\t\t\t\t\n\t\t\t\t\n\t\t\t\t\n\t\t\t\t<div class=\"et_pb_text_inner\"><p>Unser Team passt die Beleuchtung an die Bed\u00fcrfnisse und den Stil Ihrer Veranstaltung an. Ganz gleich, ob es sich um eine Hochzeit, eine Taufe, ein Firmenevent oder eine private Feier handelt, unsere Lichtergirlanden k\u00f6nnen \u00fcberall am Veranstaltungsort platziert werden und bilden die perfekte Kulisse. Durch die Verwendung von <strong>Lichterketten<\/strong> in verschiedenen Anordnungen stellen wir sicher, dass die Beleuchtung hell genug ist, um den Anforderungen der Veranstaltung gerecht zu werden und gleichzeitig die perfekte Atmosph\u00e4re zu schaffen.  <\/p>\n<p>&nbsp;<\/p>\n<h4><\/h4><\/div>\n\t\t\t<\/div>\n\t\t\t<\/div>\n\t\t\t\t\n\t\t\t\t\n\t\t\t\t\n\t\t\t\t\n\t\t\t<\/div><div class=\"et_pb_with_border et_d4_element et_pb_row et_pb_row_4 et_pb_gutters2  et_pb_css_mix_blend_mode et_block_row\">\n\t\t\t\t<div class=\"et_d4_element et_pb_column_4_4 et_pb_column et_pb_column_4  et_pb_css_mix_blend_mode et-last-child et_block_column\">\n\t\t\t\t\n\t\t\t\t\n\t\t\t\t\n\t\t\t\t\n\t\t\t\t<div class=\"et_pb_module et_d4_element dsm_dual_heading dsm_dual_heading_3  et_pb_text_align_center et_pb_bg_layout_light\">\n\t\t\t\t\n\t\t\t\t\n\t\t\t\t\n\t\t\t\t\n\t\t\t\t\n\t\t\t\t\n\t\t\t\t<div class=\"et_pb_module_inner\">\n\t\t\t\t\t<h2 class=\"dsm-dual-heading-main et_pb_module_header\"><span class=\"dsm-dual-heading-before\">Lichterkette  <\/span><span class=\"dsm-dual-heading-middle\">Atmosph\u00e4rische Eleganz und Helligkeit f\u00fcr jeden Raum<\/span><\/h2>\n\t\t\t\t<\/div>\n\t\t\t<\/div><div class=\"et_pb_module et_d4_element et_pb_text et_pb_text_3  et_pb_text_align_center et_pb_bg_layout_light\">\n\t\t\t\t\n\t\t\t\t\n\t\t\t\t\n\t\t\t\t\n\t\t\t\t<div class=\"et_pb_text_inner\"><p>Mit den Lichtgirlanden von<strong> <em>Tsisma Iconic Events<\/em><\/strong>wird die Beleuchtung zu einem Schl\u00fcsselelement der Dekoration, das nicht nur sch\u00f6ne Bilder, sondern auch Funktionalit\u00e4t bietet. Lichtgirlanden sind ideal f\u00fcr Au\u00dfenbereiche, da sie ein warmes und einladendes Gef\u00fchl vermitteln, aber auch f\u00fcr Innenr\u00e4ume, wo sie f\u00fcr einen Hauch von Eleganz sorgen. Unsere Optionen sind flexibel und k\u00f6nnen auf Ihre Bed\u00fcrfnisse zugeschnitten werden.  <\/p>\n<h3><\/h3>\n<p>&nbsp;<\/p>\n<h4><\/h4><\/div>\n\t\t\t<\/div>\n\t\t\t<\/div>\n\t\t\t\t\n\t\t\t\t\n\t\t\t\t\n\t\t\t\t\n\t\t\t<\/div><div class=\"et_pb_with_border et_d4_element et_pb_row et_pb_row_5 et_pb_gutters2  et_pb_css_mix_blend_mode et_block_row\">\n\t\t\t\t<div class=\"et_d4_element et_pb_column_4_4 et_pb_column et_pb_column_5  et_pb_css_mix_blend_mode et-last-child et_block_column\">\n\t\t\t\t\n\t\t\t\t\n\t\t\t\t\n\t\t\t\t\n\t\t\t\t<div class=\"et_pb_module et_d4_element dsm_dual_heading dsm_dual_heading_4  et_pb_text_align_center et_pb_bg_layout_light\">\n\t\t\t\t\n\t\t\t\t\n\t\t\t\t\n\t\t\t\t\n\t\t\t\t\n\t\t\t\t\n\t\t\t\t<div class=\"et_pb_module_inner\">\n\t\t\t\t\t<h2 class=\"dsm-dual-heading-main et_pb_module_header\"><span class=\"dsm-dual-heading-before\">Vertrauen Sie Tsisma Iconic Events  <\/span><span class=\"dsm-dual-heading-middle\">f\u00fcr die ideale Dekoration mit Lichterketten<\/span><\/h2>\n\t\t\t\t<\/div>\n\t\t\t<\/div><div class=\"et_pb_module et_d4_element et_pb_text et_pb_text_4  et_pb_text_align_center et_pb_bg_layout_light\">\n\t\t\t\t\n\t\t\t\t\n\t\t\t\t\n\t\t\t\t\n\t\t\t\t<div class=\"et_pb_text_inner\"><p>Mit jahrelanger Erfahrung in der Veranstaltungsdekoration hat das <strong><em>Tsisma Iconic Events<\/em><\/strong> Ihren Veranstaltungsort auf die glamour\u00f6seste Weise in Szene setzen. Von der Anbringung von <strong>Lichterketten<\/strong> an B\u00e4umen und B\u00f6gen bis hin zur Schaffung einer atemberaubenden Lichtkulisse \u00fcber der Tanzfl\u00e4che sorgen wir daf\u00fcr, dass jedes Detail die \u00c4sthetik widerspiegelt, von der Sie tr\u00e4umen. Unsere Lichtergirlanden sind die perfekte M\u00f6glichkeit, Ihre Veranstaltung zu beleuchten und Ihren G\u00e4sten ein unvergessliches Erlebnis zu bieten.  <\/p>\n<h3><\/h3>\n<h3><\/h3>\n<p>&nbsp;<\/p>\n<h4><\/h4><\/div>\n\t\t\t<\/div>\n\t\t\t<\/div>\n\t\t\t\t\n\t\t\t\t\n\t\t\t\t\n\t\t\t\t\n\t\t\t<\/div>\n\t\t\t\t\n\t\t\t\t\n\t\t\t<\/div><div class=\"et_d4_element et_pb_section et_pb_section_2 et_pb_with_background  et_pb_css_mix_blend_mode et_section_regular et_block_section\" >\n\t\t\t\t\n\t\t\t\t\n\t\t\t\t\n\t\t\t\t\n\t\t\t\t\n\t\t\t\t\n\t\t\t\t<div class=\"et_d4_element et_pb_row et_pb_row_6  et_pb_css_mix_blend_mode et_block_row\">\n\t\t\t\t<div class=\"et_d4_element et_pb_column_4_4 et_pb_column et_pb_column_6  et_pb_css_mix_blend_mode et-last-child et_block_column\">\n\t\t\t\t\n\t\t\t\t\n\t\t\t\t\n\t\t\t\t\n\t\t\t\t<div class=\"et_pb_module et_d4_element dsm_dual_heading dsm_dual_heading_5  et_pb_text_align_center et_pb_bg_layout_dark\">\n\t\t\t\t\n\t\t\t\t\n\t\t\t\t\n\t\t\t\t\n\t\t\t\t\n\t\t\t\t\n\t\t\t\t<div class=\"et_pb_module_inner\">\n\t\t\t\t\t<h2 class=\"dsm-dual-heading-main et_pb_module_header\"><span class=\"dsm-dual-heading-before\"> <\/span><span class=\"dsm-dual-heading-middle\">Kontakt  <\/span><span class=\"dsm-dual-heading-after\">Heute bei uns!<\/span><\/h2>\n\t\t\t\t<\/div>\n\t\t\t<\/div><div class=\"et_pb_module et_d4_element et_pb_text et_pb_text_5  et_pb_text_align_left et_pb_bg_layout_light\">\n\t\t\t\t\n\t\t\t\t\n\t\t\t\t\n\t\t\t\t\n\t\t\t\t<div class=\"et_pb_text_inner\"><p>Wenn Sie Ihrem Raum auf professionelle Weise Glanz und Vitalit\u00e4t verleihen m\u00f6chten, wenden Sie sich an <strong><em>Tsisma Iconic Events<\/em><\/strong>. Wir sind daf\u00fcr da, jede Veranstaltung zu etwas Besonderem zu machen, mit Beleuchtungsl\u00f6sungen, die \u00c4sthetik und Funktionalit\u00e4t vereinen. Lassen Sie uns die perfekte Beleuchtung f\u00fcr Ihren wichtigsten Tag kreieren!<\/p>\n<p>&nbsp;<\/p><\/div>\n\t\t\t<\/div>\n\t\t\t<\/div>\n\t\t\t\t\n\t\t\t\t\n\t\t\t\t\n\t\t\t\t\n\t\t\t<\/div><div class=\"et_d4_element et_pb_row et_pb_row_7 et_pb_equal_columns et_pb_gutters1  et_pb_css_mix_blend_mode et_block_row\">\n\t\t\t\t<div class=\"et_d4_element et_pb_column_1_3 et_pb_column et_pb_column_7  et_pb_css_mix_blend_mode et_block_column\">\n\t\t\t\t\n\t\t\t\t\n\t\t\t\t\n\t\t\t\t\n\t\t\t\t<div class=\"et_pb_module et_d4_element et_pb_blurb et_pb_blurb_0  et_pb_text_align_left  et_pb_blurb_position_left et_block_module et_pb_bg_layout_dark\">\n\t\t\t\t\n\t\t\t\t\n\t\t\t\t\n\t\t\t\t\n\t\t\t\t<div class=\"et_pb_blurb_content\">\n\t\t\t\t\t<div class=\"et_pb_main_blurb_image et_pb_css_mix_blend_mode\"><span class=\"et_pb_image_wrap\"><span class=\"et-waypoint et_pb_animation_top et_pb_animation_top_tablet et_pb_animation_top_phone et-pb-icon\">\ue076<\/span><\/span><\/div>\n\t\t\t\t\t<div class=\"et_pb_blurb_container\">\n\t\t\t\t\t\t<h4 class=\"et_pb_module_header\"><span>hello@tsisma.com<\/span><\/h4>\n\t\t\t\t\t\t\n\t\t\t\t\t<\/div>\n\t\t\t\t<\/div>\n\t\t\t<\/div><div class=\"et_pb_module et_d4_element et_pb_blurb et_pb_blurb_1  et_pb_text_align_left  et_pb_blurb_position_left et_block_module et_pb_bg_layout_dark\">\n\t\t\t\t\n\t\t\t\t\n\t\t\t\t\n\t\t\t\t\n\t\t\t\t<div class=\"et_pb_blurb_content\">\n\t\t\t\t\t<div class=\"et_pb_main_blurb_image et_pb_css_mix_blend_mode\"><span class=\"et_pb_image_wrap\"><span class=\"et-waypoint et_pb_animation_top et_pb_animation_top_tablet et_pb_animation_top_phone et-pb-icon\">\ue090<\/span><\/span><\/div>\n\t\t\t\t\t<div class=\"et_pb_blurb_container\">\n\t\t\t\t\t\t<h4 class=\"et_pb_module_header\"><span>+306973054655<\/span><\/h4>\n\t\t\t\t\t\t\n\t\t\t\t\t<\/div>\n\t\t\t\t<\/div>\n\t\t\t<\/div><div class=\"et_pb_module et_d4_element et_pb_blurb et_pb_blurb_2  et_pb_text_align_left  et_pb_blurb_position_left et_block_module et_pb_bg_layout_dark\">\n\t\t\t\t\n\t\t\t\t\n\t\t\t\t\n\t\t\t\t\n\t\t\t\t<div class=\"et_pb_blurb_content\">\n\t\t\t\t\t<div class=\"et_pb_main_blurb_image et_pb_css_mix_blend_mode\"><span class=\"et_pb_image_wrap\"><span class=\"et-waypoint et_pb_animation_top et_pb_animation_top_tablet et_pb_animation_top_phone et-pb-icon\">\ue081<\/span><\/span><\/div>\n\t\t\t\t\t<div class=\"et_pb_blurb_container\">\n\t\t\t\t\t\t<h4 class=\"et_pb_module_header\"><span>Standorte<\/span><\/h4>\n\t\t\t\t\t\t<div class=\"et_pb_blurb_description\">\u0398\u03b5\u03c3\u03c3\u03b1\u03bb\u03bf\u03bd\u03af\u03ba\u03b7<br \/>\n\u0391\u03b8\u03ae\u03bd\u03b1<br \/>\n\u039c\u03cd\u03ba\u03bf\u03bd\u03bf\u03c2<\/div>\n\t\t\t\t\t<\/div>\n\t\t\t\t<\/div>\n\t\t\t<\/div><ul class=\"et_pb_module et_d4_element et_pb_social_media_follow et_pb_social_media_follow_0 clearfix  et_pb_text_align_center et_pb_bg_layout_light\">\n\t\t\t\t\n\t\t\t\t\n\t\t\t\t\n\t\t\t\t\n\t\t\t\t<li\n            class='et_d4_element et_pb_social_media_follow_network_0 et_pb_social_icon et_block_module et_pb_social_network_link  et-social-facebook et_pb_social_media_follow_network'><a href=\"https:\/\/www.facebook.com\/tsismaevents\/\" class=\"icon et_pb_with_border\" title=\"Auf Facebook folgen\" target=\"_blank\" rel=\"noopener\"><span\n                class='et_pb_social_media_follow_network_name'\n                aria-hidden='true'\n                >Folgen<\/span><\/a><\/li><li\n            class='et_d4_element et_pb_social_media_follow_network_1 et_pb_social_icon et_block_module et_pb_social_network_link  et-social-twitter et_pb_social_media_follow_network'><a href=\"https:\/\/twitter.com\/tsisma_events\" class=\"icon et_pb_with_border\" title=\"Auf X folgen\" target=\"_blank\" rel=\"noopener\"><span\n                class='et_pb_social_media_follow_network_name'\n                aria-hidden='true'\n                >Folgen<\/span><\/a><\/li><li\n            class='et_d4_element et_pb_social_media_follow_network_2 et_pb_social_icon et_block_module et_pb_social_network_link  et-social-instagram et_pb_social_media_follow_network'><a href=\"https:\/\/www.instagram.com\/tsisma_events\/\" class=\"icon et_pb_with_border\" title=\"Auf Instagram folgen\" target=\"_blank\" rel=\"noopener\"><span\n                class='et_pb_social_media_follow_network_name'\n                aria-hidden='true'\n                >Folgen<\/span><\/a><\/li><li\n            class='et_d4_element et_pb_social_media_follow_network_3 et_pb_social_icon et_block_module et_pb_social_network_link  et-social-linkedin et_pb_social_media_follow_network'><a\n              href='#'\n              class='icon et_pb_with_border'\n              title='Auf LinkedIn folgen'\n               target=\"_blank\"><span\n                class='et_pb_social_media_follow_network_name'\n                aria-hidden='true'\n                >Folgen<\/span><\/a><\/li><li\n            class='et_d4_element et_pb_social_media_follow_network_4 et_pb_social_icon et_block_module et_pb_social_network_link  et-social-youtube et_pb_social_media_follow_network'><a href=\"https:\/\/www.youtube.com\/channel\/UClHUbuXK9CnABkT9XfY0UUw\" class=\"icon et_pb_with_border\" title=\"Auf Youtube folgen\" target=\"_blank\" rel=\"noopener\"><span\n                class='et_pb_social_media_follow_network_name'\n                aria-hidden='true'\n                >Folgen<\/span><\/a><\/li><li\n            class='et_d4_element et_pb_social_media_follow_network_5 et_pb_social_icon et_block_module et_pb_social_network_link  et-social-tiktok et-pb-social-fa-icon et_pb_social_media_follow_network'><a\n              href='#'\n              class='icon et_pb_with_border'\n              title='Auf TikTok folgen'\n               target=\"_blank\"><span\n                class='et_pb_social_media_follow_network_name'\n                aria-hidden='true'\n                >Folgen<\/span><\/a><\/li><li\n            class='et_d4_element et_pb_social_media_follow_network_6 et_pb_social_icon et_block_module et_pb_social_network_link  et-social-spotify et-pb-social-fa-icon et_pb_social_media_follow_network'><a\n              href='#'\n              class='icon et_pb_with_border'\n              title='Auf Spotify folgen'\n               target=\"_blank\"><span\n                class='et_pb_social_media_follow_network_name'\n                aria-hidden='true'\n                >Folgen<\/span><\/a><\/li><li\n            class='et_d4_element et_pb_social_media_follow_network_7 et_pb_social_icon et_block_module et_pb_social_network_link  et-social-pinterest et_pb_social_media_follow_network'><a href=\"https:\/\/pin.it\/53s7Z49\" class=\"icon et_pb_with_border\" title=\"Auf Pinterest folgen\" target=\"_blank\" rel=\"noopener\"><span\n                class='et_pb_social_media_follow_network_name'\n                aria-hidden='true'\n                >Folgen<\/span><\/a><\/li><li\n            class='et_d4_element et_pb_social_media_follow_network_8 et_pb_social_icon et_block_module et_pb_social_network_link  et-social-whatsapp et-pb-social-fa-icon et_pb_social_media_follow_network'><a href=\"http:\/\/+306973054655\" class=\"icon et_pb_with_border\" title=\"Auf Whatsapp folgen\" target=\"_blank\"><span\n                class='et_pb_social_media_follow_network_name'\n                aria-hidden='true'\n                >Folgen<\/span><\/a><\/li>\n\t\t\t<\/ul>\n\t\t\t<\/div><div class=\"et_d4_element et_pb_column_2_3 et_pb_column et_pb_column_8  et_pb_css_mix_blend_mode et-last-child et_block_column\">\n\t\t\t\t\n\t\t\t\t\n\t\t\t\t\n\t\t\t\t\n\t\t\t\t\n\t\t\t<div id=\"et_pb_contact_form_0\" class=\"et_pb_with_border et_pb_module et_d4_element et_pb_contact_form_0 et_animated et_pb_recaptcha_enabled et_pb_contact_form_container clearfix et_block_module\" data-form_unique_num=\"0\" data-form_unique_id=\"72963492-779d-4b38-b92f-5eda9b88ffa7\">\n\t\t\t\t\n\t\t\t\t\n\t\t\t\t\n\t\t\t\t\n\t\t\t\t\n\t\t\t\t<div class=\"et-pb-contact-message\"><\/div>\n\t\t\t\t\n\t\t\t\t<div class=\"et_pb_contact\">\n\t\t\t\t\t<form class=\"et_pb_contact_form clearfix\" method=\"post\" action=\"https:\/\/tsisma.com\/de\/wp-json\/wp\/v2\/pages\/245754\">\n\t\t\t\t\t\t<p class=\"et_d4_element et_pb_contact_field et_pb_contact_field_0 et_pb_contact_field_last\" data-id=\"name\" data-type=\"input\">\n\t\t\t\t\n\t\t\t\t\n\t\t\t\t\n\t\t\t\t\n\t\t\t\t<label for=\"et_pb_contact_name_0\" class=\"et_pb_contact_form_label\">Vollst\u00e4ndiger Name<\/label>\n\t\t\t\t<input type=\"text\" id=\"et_pb_contact_name_0\" class=\"input\" value=\"\" name=\"et_pb_contact_name_0\" data-required_mark=\"required\" data-field_type=\"input\" data-original_id=\"name\" placeholder=\"Vollst\u00e4ndiger Name\">\n\t\t\t<\/p><p class=\"et_d4_element et_pb_contact_field et_pb_contact_field_1 et_pb_contact_field_last\" data-id=\"email\" data-type=\"email\">\n\t\t\t\t\n\t\t\t\t\n\t\t\t\t\n\t\t\t\t\n\t\t\t\t<label for=\"et_pb_contact_email_0\" class=\"et_pb_contact_form_label\">E-Mail Adresse<\/label>\n\t\t\t\t<input type=\"text\" id=\"et_pb_contact_email_0\" class=\"input\" value=\"\" name=\"et_pb_contact_email_0\" data-required_mark=\"required\" data-field_type=\"email\" data-original_id=\"email\" placeholder=\"E-Mail Adresse\">\n\t\t\t<\/p><p class=\"et_d4_element et_pb_contact_field et_pb_contact_field_2 et_pb_contact_field_last\" data-id=\"tel\" data-type=\"input\">\n\t\t\t\t\n\t\t\t\t\n\t\t\t\t\n\t\t\t\t\n\t\t\t\t<label for=\"et_pb_contact_tel_0\" class=\"et_pb_contact_form_label\">Telefonischer Kontakt<\/label>\n\t\t\t\t<input type=\"text\" id=\"et_pb_contact_tel_0\" class=\"input\" value=\"\" name=\"et_pb_contact_tel_0\" data-required_mark=\"required\" data-field_type=\"input\" data-original_id=\"tel\" placeholder=\"Telefonischer Kontakt\">\n\t\t\t<\/p><p class=\"et_d4_element et_pb_contact_field et_pb_contact_field_3 et_pb_contact_field_last\" data-id=\"type_of_event\" data-type=\"select\">\n\t\t\t\t\n\t\t\t\t\n\t\t\t\t\n\t\t\t\t\n\t\t\t\t<label for=\"et_pb_contact_type_of_event_0\" class=\"et_pb_contact_form_label\">Art der Veranstaltung<\/label>\n\t\t\t\t<select id=\"et_pb_contact_type_of_event_0\" class=\"et_pb_contact_select input\" name=\"et_pb_contact_type_of_event_0\" data-required_mark=\"required\" data-field_type=\"select\" data-original_id=\"type_of_event\">\n\t\t\t\t\t\t<option value=\"\">Art der Veranstaltung<\/option><option value=\"Firmenveranstaltung\">Firmenveranstaltung<\/option><option value=\"Hochzeit\">Hochzeit<\/option><option value=\"Eine weitere private Veranstaltung\">Eine weitere private Veranstaltung<\/option>\n\t\t\t\t\t<\/select>\n\t\t\t<\/p><p class=\"et_d4_element et_pb_contact_field et_pb_contact_field_4 et_pb_contact_field_last\" data-id=\"message\" data-type=\"text\">\n\t\t\t\t\n\t\t\t\t\n\t\t\t\t\n\t\t\t\t\n\t\t\t\t<label for=\"et_pb_contact_message_0\" class=\"et_pb_contact_form_label\">Ihre Nachricht<\/label>\n\t\t\t\t<textarea name=\"et_pb_contact_message_0\" id=\"et_pb_contact_message_0\" class=\"et_pb_contact_message input\" data-required_mark=\"required\" data-field_type=\"text\" data-original_id=\"message\" placeholder=\"Ihre Nachricht\"><\/textarea>\n\t\t\t<\/p>\n\t\t\t\t\t\t<input type=\"hidden\" value=\"et_contact_proccess\" name=\"et_pb_contactform_submit_0\"\/>\n\t\t\t\t\t\t<div class=\"et_contact_bottom_container\">\n\t\t\t\t\t\t\t\n\t\t\t\t\t\t\t<button type=\"submit\" name=\"et_builder_submit_button\" class=\"et_pb_contact_submit et_pb_button\" data-icon=\"E\">Senden an<\/button>\n\t\t\t\t\t\t<\/div>\n\t\t\t\t\t\t<input type=\"hidden\" id=\"_wpnonce-et-pb-contact-form-submitted-0\" name=\"_wpnonce-et-pb-contact-form-submitted-0\" value=\"283644efab\" \/><input type=\"hidden\" name=\"_wp_http_referer\" value=\"\/de\/wp-json\/wp\/v2\/pages\/245754\" \/>\n\t\t\t\t\t<\/form>\n\t\t\t\t<\/div>\n\t\t\t<\/div>\n\t\t\t\n\t\t\t<\/div>\n\t\t\t\t\n\t\t\t\t\n\t\t\t\t\n\t\t\t\t\n\t\t\t<\/div>\n\t\t\t\t\n\t\t\t\t\n\t\t\t<\/div><\/p>\n","protected":false},"excerpt":{"rendered":"","protected":false},"author":1,"featured_media":0,"parent":0,"menu_order":0,"comment_status":"closed","ping_status":"closed","template":"","meta":{"_et_pb_use_builder":"on","_et_pb_old_content":"","_et_gb_content_width":"","footnotes":""},"class_list":["post-245754","page","type-page","status-publish","hentry"],"_links":{"self":[{"href":"https:\/\/tsisma.com\/de\/wp-json\/wp\/v2\/pages\/245754","targetHints":{"allow":["GET"]}}],"collection":[{"href":"https:\/\/tsisma.com\/de\/wp-json\/wp\/v2\/pages"}],"about":[{"href":"https:\/\/tsisma.com\/de\/wp-json\/wp\/v2\/types\/page"}],"author":[{"embeddable":true,"href":"https:\/\/tsisma.com\/de\/wp-json\/wp\/v2\/users\/1"}],"replies":[{"embeddable":true,"href":"https:\/\/tsisma.com\/de\/wp-json\/wp\/v2\/comments?post=245754"}],"version-history":[{"count":0,"href":"https:\/\/tsisma.com\/de\/wp-json\/wp\/v2\/pages\/245754\/revisions"}],"wp:attachment":[{"href":"https:\/\/tsisma.com\/de\/wp-json\/wp\/v2\/media?parent=245754"}],"curies":[{"name":"wp","href":"https:\/\/api.w.org\/{rel}","templated":true}]}}