{"id":245348,"date":"2023-07-10T23:22:37","date_gmt":"2023-07-10T20:22:37","guid":{"rendered":"https:\/\/tsisma.com\/private-veranstaltungen\/"},"modified":"2023-07-10T23:22:48","modified_gmt":"2023-07-10T20:22:48","slug":"private-veranstaltungen","status":"publish","type":"page","link":"https:\/\/tsisma.com\/de\/private-veranstaltungen\/","title":{"rendered":"Private Veranstaltungen"},"content":{"rendered":"<div class=\"et_d4_element et_pb_section et_pb_section_0  et_pb_css_mix_blend_mode et_pb_fullwidth_section et_section_regular et_block_section\" >\n\t\t\t\t\n\t\t\t\t\n\t\t\t\t\n\t\t\t\t\n\t\t\t\t\n\t\t\t\t\n\t\t\t\t<div class=\"et_pb_module et_d4_element et_pb_fullwidth_slider_0 dfhs-40 et_pb_slider\">\n\t\t\t\t<div class=\"et_pb_slides\">\n\t\t\t\t\t<div class=\"et_d4_element et_pb_slide et_pb_slide_0 et_pb_section_parallax  et_pb_css_mix_blend_mode et_pb_bg_layout_dark et_pb_media_alignment_center et-pb-active-slide\" data-slide-id=\"et_pb_slide_0\">\n\t\t\t\t<span class=\"et_parallax_bg_wrap et-pb-parallax-wrapper\"><span\n\t\t\t\t\t\tclass=\"et_parallax_bg et_pb_parallax_css et_parallax_bg--et_pb_slide_0 lazyload\"\n\t\t\t\t\t\tstyle=\"background-image:inherit;\"\n\t\t\t\t\t data-bg-image=\"url(https:\/\/tsisma.com\/wp-content\/smush-webp\/2021\/12\/nathan-dumlao-5BB_atDT4oA-unsplash-scaled.jpg.webp)\" data-smush-webp-fallback=\"{&quot;data-bg-image&quot;:&quot;url(https:\\\/\\\/tsisma.com\\\/wp-content\\\/uploads\\\/2021\\\/12\\\/nathan-dumlao-5BB_atDT4oA-unsplash-scaled.jpg)&quot;}\"><\/span><\/span>\n\t\t\t\t\n\t\t\t\t<div class=\"et_pb_container clearfix\">\n\t\t\t\t\t<div class=\"et_pb_slider_container_inner\">\n\t\t\t\t\t\t\n\t\t\t\t\t\t<div class=\"et_pb_slide_description\">\n\t\t\t\t\t\t\t<h1 class=\"et_pb_slide_title\"><a href=\"https:\/\/tsisma.com\/de\/hochzeit\/\">Dj f\u00fcr Hochzeit<\/a><\/h1><div class=\"et_pb_slide_content\"><h2>Wir umarmen Ihren sch\u00f6nsten Tag mit Melodien!<\/h2>\n<p><span>Bei der Planung einer privaten Veranstaltung, z. B. einer Hochzeit oder einer Geburtstagsfeier, ist eine der wichtigsten Entscheidungen, die Sie treffen, die Frage, wen Sie zu der Feier einladen. <\/span><span>Sie mieten<\/span><span>  als DJ. Es ist wichtig, einen DJ zu w\u00e4hlen, der in der Lage ist, die richtige Atmosph\u00e4re f\u00fcr Ihre Veranstaltung zu schaffen und alle zu unterhalten.<\/span><\/p><\/div>\n\t\t\t\t\t\t\t<div class=\"et_pb_button_wrapper\"><a class=\"et_pb_button et_pb_more_button\" href=\"https:\/\/tsisma.com\/de\/hochzeit\/\">Mehr lesen<\/a><\/div>\n\t\t\t\t\t\t<\/div>\n\t\t\t\t\t<\/div>\n\t\t\t\t<\/div>\n\t\t\t\t\n\t\t\t\t\n\t\t\t\t\n\t\t\t<\/div>\n\t\t\t<div class=\"et_d4_element et_pb_slide et_pb_slide_1 et_pb_section_parallax  et_pb_css_mix_blend_mode et_pb_bg_layout_dark et_pb_media_alignment_center et_pb_slider_with_overlay\" data-slide-id=\"et_pb_slide_1\">\n\t\t\t\t<span class=\"et_parallax_bg_wrap et-pb-parallax-wrapper\"><span\n\t\t\t\t\t\tclass=\"et_parallax_bg et_pb_parallax_css et_parallax_bg--et_pb_slide_1 lazyload\"\n\t\t\t\t\t\tstyle=\"background-image:inherit;\"\n\t\t\t\t\t data-bg-image=\"url(https:\/\/tsisma.com\/wp-content\/smush-webp\/2022\/01\/alexander-popov-9vDdkxSCAD4-unsplash-1-scaled.jpg.webp)\" data-smush-webp-fallback=\"{&quot;data-bg-image&quot;:&quot;url(https:\\\/\\\/tsisma.com\\\/wp-content\\\/uploads\\\/2022\\\/01\\\/alexander-popov-9vDdkxSCAD4-unsplash-1-scaled.jpg)&quot;}\"><\/span><\/span>\n\t\t\t\t<div class=\"et_pb_slide_overlay_container\"><\/div>\n\t\t\t\t<div class=\"et_pb_container clearfix\">\n\t\t\t\t\t<div class=\"et_pb_slider_container_inner\">\n\t\t\t\t\t\t\n\t\t\t\t\t\t<div class=\"et_pb_slide_description\">\n\t\t\t\t\t\t\t<h1 class=\"et_pb_slide_title\"><a href=\"https:\/\/tsisma.com\/de\/private-parteien\/\">Dj f\u00fcr private Partys<\/a><\/h1><div class=\"et_pb_slide_content\"><h2>Wir schaffen unvergessliche Momente und geben den Takt f\u00fcr jede Art von Party vor<\/h2>\n<p>Von gro\u00dfen Geburtstagsfeiern bis hin zu kleinen Zusammenk\u00fcnften von Freunden zu Hause - das TSISMA-Team verf\u00fcgt \u00fcber das Wissen und die Ausr\u00fcstung, um f\u00fcr Spa\u00df zu sorgen.<\/p><\/div>\n\t\t\t\t\t\t\t<div class=\"et_pb_button_wrapper\"><a class=\"et_pb_button et_pb_more_button\" href=\"https:\/\/tsisma.com\/de\/private-parteien\/\">Mehr lesen<\/a><\/div>\n\t\t\t\t\t\t<\/div>\n\t\t\t\t\t<\/div>\n\t\t\t\t<\/div>\n\t\t\t\t\n\t\t\t\t\n\t\t\t\t\n\t\t\t<\/div>\n\t\t\t<div class=\"et_d4_element et_pb_slide et_pb_slide_2 et_pb_section_parallax  et_pb_css_mix_blend_mode et_pb_bg_layout_dark et_pb_media_alignment_center et_pb_slider_with_overlay\" data-slide-id=\"et_pb_slide_2\">\n\t\t\t\t<span class=\"et_parallax_bg_wrap et-pb-parallax-wrapper\"><span\n\t\t\t\t\t\tclass=\"et_parallax_bg et_pb_parallax_css et_parallax_bg--et_pb_slide_2 lazyload\"\n\t\t\t\t\t\tstyle=\"background-image:inherit;\"\n\t\t\t\t\t data-bg-image=\"url(https:\/\/tsisma.com\/wp-content\/uploads\/2021\/12\/universal-eye-PyLiUiv6GOs-unsplash-scaled.jpg)\"><\/span><\/span>\n\t\t\t\t<div class=\"et_pb_slide_overlay_container\"><\/div>\n\t\t\t\t<div class=\"et_pb_container clearfix\">\n\t\t\t\t\t<div class=\"et_pb_slider_container_inner\">\n\t\t\t\t\t\t\n\t\t\t\t\t\t<div class=\"et_pb_slide_description\">\n\t\t\t\t\t\t\t<h5 class=\"et_pb_slide_title\"><a href=\"https:\/\/tsisma.com\/de\/taufe\/\">Dj f\u00fcr Taufe<\/a><\/h5><div class=\"et_pb_slide_content\"><h1 class=\"et_pb_module_header\"><span>Wir gestalten ein traumhaftes Fest f\u00fcr die Taufe Ihres Kindes<\/span><\/h1>\n<p><span>Bei der Planung einer privaten Veranstaltung, z. B. einer Hochzeit oder einer Geburtstagsfeier, ist eine der wichtigsten Entscheidungen, die Sie treffen, die Frage, wen Sie zu der Feier einladen. <\/span><span>Sie mieten<\/span><span>  als DJ. Es ist wichtig, einen DJ zu w\u00e4hlen, der in der Lage ist, die richtige Atmosph\u00e4re f\u00fcr Ihre Veranstaltung zu schaffen und alle zu unterhalten.<\/span><\/p><\/div>\n\t\t\t\t\t\t\t<div class=\"et_pb_button_wrapper\"><a class=\"et_pb_button et_pb_more_button\" href=\"https:\/\/tsisma.com\/de\/taufe\/\">Mehr lesen<\/a><\/div>\n\t\t\t\t\t\t<\/div>\n\t\t\t\t\t<\/div>\n\t\t\t\t<\/div>\n\t\t\t\t\n\t\t\t\t\n\t\t\t\t\n\t\t\t<\/div>\n\t\t\t\n\t\t\t\t<\/div>\n\t\t\t\t\n\t\t\t<\/div>\n\t\t\t<div class=\"et_pb_module et_d4_element et_pb_fullwidth_code et_pb_fullwidth_code_0\">\n\t\t\t\t\n\t\t\t\t\n\t\t\t\t\n\t\t\t\t\n\t\t\t\t<div class=\"et_pb_code_inner\"><style>\n.dfhs-40 .et_parallax_bg{\n\t animation: dp-kenburns-bottom 13s linear both;\n\t animation-iteration-count: infinite;\n}\n\n@keyframes dp-kenburns-bottom{\n\t0%{\n\t\t-webkit-transform:scale3d(1, 1, 1);\n\t\ttransform:scale3d(1, 1, 1);\n\t\t-webkit-transform-origin:50% 80%;\n\t\ttransform-origin:50% 80%\n\t}\n\t100%{\n\t\t-webkit-transform:scale3d(1.5, 1.5, 1.5);\n\t\ttransform:scale3d(1.5, 1.5, 1.5);\n\t\t-webkit-transform-origin:bottom;\n\t\ttransform-origin:bottom\n\t}\n}\n<\/style><\/div>\n\t\t\t<\/div>\n\t\t\t\t\n\t\t\t\t\n\t\t\t<\/div>\n","protected":false},"excerpt":{"rendered":"","protected":false},"author":1,"featured_media":0,"parent":0,"menu_order":0,"comment_status":"closed","ping_status":"closed","template":"","meta":{"_et_pb_use_builder":"on","_et_pb_old_content":"","_et_gb_content_width":"","footnotes":""},"class_list":["post-245348","page","type-page","status-publish","hentry"],"_links":{"self":[{"href":"https:\/\/tsisma.com\/de\/wp-json\/wp\/v2\/pages\/245348","targetHints":{"allow":["GET"]}}],"collection":[{"href":"https:\/\/tsisma.com\/de\/wp-json\/wp\/v2\/pages"}],"about":[{"href":"https:\/\/tsisma.com\/de\/wp-json\/wp\/v2\/types\/page"}],"author":[{"embeddable":true,"href":"https:\/\/tsisma.com\/de\/wp-json\/wp\/v2\/users\/1"}],"replies":[{"embeddable":true,"href":"https:\/\/tsisma.com\/de\/wp-json\/wp\/v2\/comments?post=245348"}],"version-history":[{"count":0,"href":"https:\/\/tsisma.com\/de\/wp-json\/wp\/v2\/pages\/245348\/revisions"}],"wp:attachment":[{"href":"https:\/\/tsisma.com\/de\/wp-json\/wp\/v2\/media?parent=245348"}],"curies":[{"name":"wp","href":"https:\/\/api.w.org\/{rel}","templated":true}]}}