{"id":245323,"date":"2023-07-10T23:16:28","date_gmt":"2023-07-10T20:16:28","guid":{"rendered":"https:\/\/tsisma.com\/tsisma-iconic-events\/"},"modified":"2025-10-30T21:37:43","modified_gmt":"2025-10-30T18:37:43","slug":"tsisma-iconic-events","status":"publish","type":"page","link":"https:\/\/tsisma.com\/de\/","title":{"rendered":"Tsisma Iconic Events"},"content":{"rendered":"<p>[et_pb_section fb_built=&#8220;1&#8243; admin_label=&#8220;Divi Flexile Hero Section 38&#8243; module_class=&#8220;dfhs-38&#8243; _builder_version=&#8220;4.16&#8243; _module_preset=&#8220;default&#8220; background_enable_color=&#8220;off&#8220; background_color_gradient_direction=&#8220;90deg&#8220; background_color_gradient_start=&#8220;rgba(10,10,10,0.5)&#8220; background_color_gradient_end=&#8220;rgba(10,10,10,0.5)&#8220; background_enable_image=&#8220;off&#8220; parallax=&#8220;on&#8220; background_enable_video_mp4=&#8220;off&#8220; background_video_webm=&#8220;https:\/\/tsisma.com\/wp-content\/uploads\/2022\/01\/front3.mp4&#8243; background_video_width=&#8220;100%&#8220; background_video_height=&#8220;100%&#8220; width=&#8220;100%&#8220; max_width=&#8220;100%&#8220; height_tablet=&#8220;935px&#8220; height_phone=&#8220;&#8220; height_last_edited=&#8220;on|phone&#8220; custom_padding=&#8220;0px||0px||false|false&#8220; background_last_edited=&#8220;on|phone&#8220; background_image_phone=&#8220;https:\/\/tsisma.com\/wp-content\/uploads\/2022\/01\/frontimage.jpg&#8220; background_enable_image_phone=&#8220;on&#8220; parallax_phone=&#8220;on&#8220; parallax_method_phone=&#8220;off&#8220; background_enable_video_mp4_phone=&#8220;off&#8220; background_enable_video_webm_phone=&#8220;off&#8220; locked=&#8220;off&#8220; global_colors_info=&#8220;{}&#8220;][et_pb_row custom_padding_last_edited=&#8220;on|tablet&#8220; _builder_version=&#8220;4.16&#8243; _module_preset=&#8220;default&#8220; use_background_color_gradient=&#8220;on&#8220; background_color_gradient_direction=&#8220;90deg&#8220; background_color_gradient_stops=&#8220;rgba(10,10,10,0.5) 25%|rgba(0,0,0,0.5) 60%&#8220; background_color_gradient_start=&#8220;rgba(10,10,10,0.5)&#8220; background_color_gradient_start_position=&#8220;25%&#8220; background_color_gradient_end=&#8220;rgba(0,0,0,0.5)&#8220; background_color_gradient_end_position=&#8220;60%&#8220; width=&#8220;100%&#8220; max_width=&#8220;100%&#8220; custom_margin=&#8220;|auto|0px|auto||&#8220; custom_padding=&#8220;4%||0px|10%|false|false&#8220; custom_padding_tablet=&#8220;|10%|||false|false&#8220; custom_padding_phone=&#8220;50px|5%|0px|5%|false|true&#8220; global_colors_info=&#8220;{}&#8220;][et_pb_column type=&#8220;4_4&#8243; _builder_version=&#8220;4.16&#8243; _module_preset=&#8220;default&#8220; global_colors_info=&#8220;{}&#8220;][dsm_typing_effect before_typing_effect=&#8220;Wir schaffen magische Momente f\u00fcr&#8230;&#8220; typing_effect=&#8220;die Hochzeit | die Taufe | die Firmenveranstaltung | die Modenschau | die Roadshow&#8220; before_new_line=&#8220;on&#8220; after_typing_effect=&#8220;Ihrer Tr\u00e4ume!&#8220; after_new_line=&#8220;on&#8220; typing_background_color=&#8220;rgba(10,10,10,0.38)&#8220; before_typing_background_color=&#8220;RGBA(0,0,0,0)&#8220; after_typing_background_color=&#8220;RGBA(0,0,0,0)&#8220; _builder_version=&#8220;4.16&#8243; _module_preset=&#8220;default&#8220; header_font=&#8220;|300|||||||&#8220; header_text_color=&#8220;#FFFFFF&#8220; header_font_size=&#8220;55px&#8220; header_line_height=&#8220;1.5em&#8220; before_font=&#8220;||||||||&#8220; before_text_color=&#8220;#B87F13&#8243; before_font_size=&#8220;55px&#8220; before_line_height=&#8220;1.5em&#8220; after_font=&#8220;||||||||&#8220; after_text_color=&#8220;#B87F13&#8243; after_font_size=&#8220;55px&#8220; after_line_height=&#8220;1.4em&#8220; background_layout=&#8220;dark&#8220; max_width=&#8220;100%&#8220; max_width_tablet=&#8220;100%&#8220; max_width_phone=&#8220;100%&#8220; max_width_last_edited=&#8220;on|tablet&#8220; module_alignment=&#8220;left&#8220; min_height=&#8220;100%&#8220; height=&#8220;100%&#8220; custom_padding=&#8220;48px||3px|50px|false|false&#8220; custom_padding_tablet=&#8220;|10px||10px|true|true&#8220; custom_padding_phone=&#8220;120px|5px|5px|5px|false|true&#8220; custom_padding_last_edited=&#8220;on|phone&#8220; header_font_size_tablet=&#8220;20px&#8220; header_font_size_phone=&#8220;30px&#8220; header_font_size_last_edited=&#8220;on|phone&#8220; before_font_size_tablet=&#8220;45px&#8220; before_font_size_phone=&#8220;25px&#8220; before_font_size_last_edited=&#8220;on|desktop&#8220; after_font_size_tablet=&#8220;45px&#8220; after_font_size_phone=&#8220;25px&#8220; after_font_size_last_edited=&#8220;on|phone&#8220; border_color_all_before=&#8220;#4F4F4F&#8220; global_colors_info=&#8220;{}&#8220;][\/dsm_typing_effect][\/et_pb_column][\/et_pb_row][et_pb_row column_structure=&#8220;1_5,1_5,1_5,1_5,1_5&#8243; use_custom_gutter=&#8220;on&#8220; gutter_width=&#8220;2&#8243; make_equal=&#8220;on&#8220; _builder_version=&#8220;4.20.4&#8243; _module_preset=&#8220;default&#8220; use_background_color_gradient=&#8220;on&#8220; background_color_gradient_stops=&#8220;rgba(10,10,10,0.5) 0%|rgba(10,10,10,0.5) 100%&#8220; background_color_gradient_start=&#8220;rgba(10,10,10,0.5)&#8220; background_color_gradient_end=&#8220;rgba(10,10,10,0.5)&#8220; width=&#8220;100%&#8220; max_width=&#8220;100%&#8220; custom_padding=&#8220;50px|40px|50px|40px|true|true&#8220; border_color_bottom=&#8220;#ffffff&#8220; global_colors_info=&#8220;{}&#8220;][et_pb_column type=&#8220;1_5&#8243; _builder_version=&#8220;4.16&#8243; _module_preset=&#8220;default&#8220; global_colors_info=&#8220;{}&#8220;][dsm_flipbox flipbox_effect=&#8220;up&#8220; flipbox_3d=&#8220;on&#8220; flipbox_height=&#8220;400px&#8220; _builder_version=&#8220;4.20.4&#8243; _module_preset=&#8220;default&#8220; header_level=&#8220;h2&#8243; header_font=&#8220;||||||||&#8220; content_font=&#8220;Montserrat||||||||&#8220; subhead_font=&#8220;Montserrat||||||||&#8220; border_radii=&#8220;on|10px|10px|10px|10px&#8220; global_colors_info=&#8220;{}&#8220;][dsm_flipbox_child title=&#8220;Wer wir sind&#8220; use_icon=&#8220;on&#8220; font_icon=&#8220;&#xf0c0;||fa||900&#8243; icon_color=&#8220;#FFFFFF&#8220; use_icon_font_size=&#8220;on&#8220; icon_font_size=&#8220;80px&#8220; button_url_new_window=&#8220;1&#8243; _builder_version=&#8220;4.20.4&#8243; _module_preset=&#8220;default&#8220; header_font=&#8220;|300|||||||&#8220; header_font_size=&#8220;26px&#8220; header_line_height=&#8220;1em&#8220; content_font=&#8220;Montserrat||||||||&#8220; subhead_font=&#8220;Montserrat||||||||&#8220; background_enable_color=&#8220;off&#8220; background_enable_image=&#8220;off&#8220; background_blend=&#8220;overlay&#8220; custom_button=&#8220;on&#8220; button_text_size=&#8220;14px&#8220; button_text_color=&#8220;#1abc89&#8243; button_bg_color=&#8220;#FFFFFF&#8220; button_border_width=&#8220;0px&#8220; button_border_radius=&#8220;3px&#8220; button_font=&#8220;Montserrat|600|||||||&#8220; text_orientation=&#8220;center&#8220; background_layout=&#8220;dark&#8220; custom_padding=&#8220;|25px||25px|false|true&#8220; button_font_last_edited=&#8220;off|desktop&#8220; border_width_all=&#8220;2px&#8220; border_color_all=&#8220;#FFFFFF&#8220; global_colors_info=&#8220;{}&#8220;][\/dsm_flipbox_child][dsm_flipbox_child button_text=&#8220;Mehr lesen&#8220; button_url=&#8220;@ET-DC@eyJkeW5hbWljIjp0cnVlLCJjb250ZW50IjoicG9zdF9saW5rX3VybF9wYWdlIiwic2V0dGluZ3MiOnsicG9zdF9pZCI6IjIzNDYxNSIsImVuYWJsZV9odG1sIjoib2ZmIn19@&#8220; button_url_new_window=&#8220;1&#8243; _builder_version=&#8220;4.20.4&#8243; _dynamic_attributes=&#8220;button_url&#8220; _module_preset=&#8220;default&#8220; header_font=&#8220;Montserrat|700|||||||&#8220; header_font_size=&#8220;22px&#8220; content_font=&#8220;|300|||||||&#8220; content_font_size=&#8220;16px&#8220; subhead_font=&#8220;Montserrat||||||||&#8220; background_color=&#8220;#4F4F4F&#8220; background_enable_color=&#8220;on&#8220; background_enable_image=&#8220;off&#8220; background_blend=&#8220;overlay&#8220; custom_button=&#8220;on&#8220; button_text_color=&#8220;#FFFFFF&#8220; button_bg_color=&#8220;#B87F13&#8243; button_border_color=&#8220;#B87F13&#8243; button_use_icon=&#8220;on&#8220; button_icon=&#8220;&#x24;||divi||400&#8243; text_orientation=&#8220;center&#8220; background_layout=&#8220;dark&#8220; custom_padding=&#8220;|20px||20px|false|true&#8220; global_colors_info=&#8220;{}&#8220;]<\/p>\n<p>Unser Team besteht aus DJs mit Erfahrung in der Organisation von Veranstaltungen aller Art. Ob es sich um eine Hochzeit, eine Taufe, eine Party oder eine Firmenveranstaltung handelt, wir gehen auf Ihre Bed\u00fcrfnisse ein, um Ihnen ein einzigartiges Unterhaltungsprogramm zu bieten.<\/p>\n<p>[\/dsm_flipbox_child][\/dsm_flipbox][\/et_pb_column][et_pb_column type=&#8220;1_5&#8243; _builder_version=&#8220;4.16&#8243; _module_preset=&#8220;default&#8220; global_colors_info=&#8220;{}&#8220;][dsm_flipbox flipbox_3d=&#8220;on&#8220; flipbox_height=&#8220;400px&#8220; _builder_version=&#8220;4.20.4&#8243; _module_preset=&#8220;default&#8220; header_level=&#8220;h2&#8243; header_font=&#8220;||||||||&#8220; content_font=&#8220;Montserrat||||||||&#8220; subhead_font=&#8220;Montserrat||||||||&#8220; border_radii=&#8220;on|10px|10px|10px|10px&#8220; global_colors_info=&#8220;{}&#8220;][dsm_flipbox_child title=&#8220;Firmenveranstaltungen&#8220; use_icon=&#8220;on&#8220; font_icon=&#8220;&#xf3c9;||fa||900&#8243; icon_color=&#8220;#FFFFFF&#8220; use_icon_font_size=&#8220;on&#8220; icon_font_size=&#8220;80px&#8220; button_url_new_window=&#8220;1&#8243; _builder_version=&#8220;4.20.4&#8243; _module_preset=&#8220;default&#8220; header_font=&#8220;|300|||||||&#8220; header_font_size=&#8220;26px&#8220; header_line_height=&#8220;1em&#8220; content_font=&#8220;Montserrat||||||||&#8220; subhead_font=&#8220;Montserrat||||||||&#8220; background_enable_color=&#8220;off&#8220; background_enable_image=&#8220;off&#8220; background_blend=&#8220;overlay&#8220; custom_button=&#8220;on&#8220; button_text_size=&#8220;14px&#8220; button_text_color=&#8220;#1abc89&#8243; button_bg_color=&#8220;#FFFFFF&#8220; button_border_width=&#8220;0px&#8220; button_border_radius=&#8220;3px&#8220; button_font=&#8220;Montserrat|600|||||||&#8220; text_orientation=&#8220;center&#8220; background_layout=&#8220;dark&#8220; custom_padding=&#8220;|25px||25px|false|true&#8220; button_font_last_edited=&#8220;off|desktop&#8220; border_width_all=&#8220;2px&#8220; border_color_all=&#8220;#FFFFFF&#8220; global_colors_info=&#8220;{}&#8220;][\/dsm_flipbox_child][dsm_flipbox_child button_text=&#8220;Mehr lesen&#8220; button_url=&#8220;@ET-DC@eyJkeW5hbWljIjp0cnVlLCJjb250ZW50IjoicG9zdF9saW5rX3VybF9wYWdlIiwic2V0dGluZ3MiOnsicG9zdF9pZCI6IjIzNDYyNCIsImVuYWJsZV9odG1sIjoib2ZmIn19@&#8220; button_url_new_window=&#8220;1&#8243; _builder_version=&#8220;4.20.4&#8243; _dynamic_attributes=&#8220;button_url&#8220; _module_preset=&#8220;default&#8220; header_font=&#8220;Montserrat|700|||||||&#8220; header_font_size=&#8220;22px&#8220; content_font=&#8220;|300|||||||&#8220; content_font_size=&#8220;16px&#8220; subhead_font=&#8220;Montserrat||||||||&#8220; background_color=&#8220;#4F4F4F&#8220; background_enable_color=&#8220;on&#8220; background_enable_image=&#8220;off&#8220; background_blend=&#8220;overlay&#8220; custom_button=&#8220;on&#8220; button_text_color=&#8220;#FFFFFF&#8220; button_bg_color=&#8220;#B87F13&#8243; button_border_color=&#8220;#B87F13&#8243; button_use_icon=&#8220;on&#8220; button_icon=&#8220;&#x24;||divi||400&#8243; text_orientation=&#8220;center&#8220; background_layout=&#8220;dark&#8220; custom_padding=&#8220;|20px||20px|false|true&#8220; sticky_position=&#8220;none&#8220; motion_trigger_start=&#8220;middle&#8220; global_colors_info=&#8220;{}&#8220;]<\/p>\n<p>Wenn Sie Ihr n\u00e4chstes Firmenevent zum &#8222;Abheben&#8220; bringen wollen, sind wir Ihre Ansprechpartner. Wir k\u00f6nnen mit unseren talentierten DJs ein aufregendes Erlebnis gestalten, das jede Minute, die die G\u00e4ste mit uns verbringen, zu etwas Besonderem macht.<\/p>\n<p>[\/dsm_flipbox_child][\/dsm_flipbox][\/et_pb_column][et_pb_column type=&#8220;1_5&#8243; _builder_version=&#8220;4.16&#8243; _module_preset=&#8220;default&#8220; global_colors_info=&#8220;{}&#8220;][dsm_flipbox flipbox_effect=&#8220;left&#8220; flipbox_3d=&#8220;on&#8220; flipbox_height=&#8220;400px&#8220; _builder_version=&#8220;4.20.4&#8243; _module_preset=&#8220;default&#8220; header_level=&#8220;h2&#8243; header_font=&#8220;||||||||&#8220; content_font=&#8220;Montserrat||||||||&#8220; subhead_font=&#8220;Montserrat||||||||&#8220; border_radii=&#8220;on|10px|10px|10px|10px&#8220; global_colors_info=&#8220;{}&#8220;][dsm_flipbox_child title=&#8220;Private Veranstaltungen&#8220; use_icon=&#8220;on&#8220; font_icon=&#8220;&#xf86d;||fa||900&#8243; icon_color=&#8220;#FFFFFF&#8220; use_icon_font_size=&#8220;on&#8220; icon_font_size=&#8220;80px&#8220; button_url_new_window=&#8220;1&#8243; _builder_version=&#8220;4.20.4&#8243; _module_preset=&#8220;default&#8220; header_font=&#8220;|300|||||||&#8220; header_font_size=&#8220;26px&#8220; header_line_height=&#8220;1em&#8220; content_font=&#8220;Montserrat||||||||&#8220; subhead_font=&#8220;Montserrat||||||||&#8220; background_enable_color=&#8220;off&#8220; background_enable_image=&#8220;off&#8220; background_blend=&#8220;overlay&#8220; custom_button=&#8220;on&#8220; button_text_size=&#8220;14px&#8220; button_text_color=&#8220;#1abc89&#8243; button_bg_color=&#8220;#FFFFFF&#8220; button_border_width=&#8220;0px&#8220; button_border_radius=&#8220;3px&#8220; button_font=&#8220;Montserrat|600|||||||&#8220; text_orientation=&#8220;center&#8220; background_layout=&#8220;dark&#8220; custom_padding=&#8220;|25px||25px|false|true&#8220; button_font_last_edited=&#8220;off|desktop&#8220; border_width_all=&#8220;2px&#8220; border_color_all=&#8220;#FFFFFF&#8220; global_colors_info=&#8220;{}&#8220;][\/dsm_flipbox_child][dsm_flipbox_child button_text=&#8220;Mehr lesen&#8220; button_url=&#8220;@ET-DC@eyJkeW5hbWljIjp0cnVlLCJjb250ZW50IjoicG9zdF9saW5rX3VybF9wYWdlIiwic2V0dGluZ3MiOnsicG9zdF9pZCI6IjI0Mzk1OCIsImVuYWJsZV9odG1sIjoib2ZmIn19@&#8220; button_url_new_window=&#8220;1&#8243; _builder_version=&#8220;4.20.4&#8243; _dynamic_attributes=&#8220;button_url&#8220; _module_preset=&#8220;default&#8220; header_font=&#8220;Montserrat|700|||||||&#8220; header_font_size=&#8220;22px&#8220; content_font=&#8220;|300|||||||&#8220; content_font_size=&#8220;16px&#8220; subhead_font=&#8220;Montserrat||||||||&#8220; background_color=&#8220;#4F4F4F&#8220; background_enable_color=&#8220;on&#8220; background_enable_image=&#8220;off&#8220; background_blend=&#8220;overlay&#8220; custom_button=&#8220;on&#8220; button_text_color=&#8220;#FFFFFF&#8220; button_bg_color=&#8220;#B87F13&#8243; button_border_color=&#8220;#B87F13&#8243; button_use_icon=&#8220;on&#8220; button_icon=&#8220;&#x24;||divi||400&#8243; text_orientation=&#8220;center&#8220; background_layout=&#8220;dark&#8220; custom_padding=&#8220;|20px||20px|false|true&#8220; sticky_position=&#8220;none&#8220; motion_trigger_start=&#8220;middle&#8220; global_colors_info=&#8220;{}&#8220;]<\/p>\n<p>Planen Sie eine private Veranstaltung? eine Hochzeit oder eine Geburtstagsfeier? eine der wichtigsten Entscheidungen, die Sie treffen werden, ist die, wen Sie als DJ f\u00fcr eine Hochzeit in Thessaloniki engagieren. Es ist wichtig, einen DJ f\u00fcr Hochzeiten, Taufen oder Partys zu w\u00e4hlen, der die richtige Atmosph\u00e4re f\u00fcr Ihre Veranstaltung schafft!<\/p>\n<p>[\/dsm_flipbox_child][\/dsm_flipbox][\/et_pb_column][et_pb_column type=&#8220;1_5&#8243; _builder_version=&#8220;4.16&#8243; _module_preset=&#8220;default&#8220; global_colors_info=&#8220;{}&#8220;][dsm_flipbox flipbox_effect=&#8220;left&#8220; flipbox_3d=&#8220;on&#8220; flipbox_height=&#8220;400px&#8220; _builder_version=&#8220;4.20.4&#8243; _module_preset=&#8220;default&#8220; header_level=&#8220;h2&#8243; header_font=&#8220;||||||||&#8220; content_font=&#8220;Montserrat||||||||&#8220; subhead_font=&#8220;Montserrat||||||||&#8220; border_radii=&#8220;on|10px|10px|10px|10px&#8220; global_colors_info=&#8220;{}&#8220;][dsm_flipbox_child title=&#8220;Unsere Ausr\u00fcstung&#8220; use_icon=&#8220;on&#8220; font_icon=&#8220;&#xf028;||fa||900&#8243; icon_color=&#8220;#FFFFFF&#8220; use_icon_font_size=&#8220;on&#8220; icon_font_size=&#8220;80px&#8220; button_url_new_window=&#8220;1&#8243; _builder_version=&#8220;4.20.4&#8243; _module_preset=&#8220;default&#8220; header_font=&#8220;|300|||||||&#8220; header_font_size=&#8220;26px&#8220; header_line_height=&#8220;1em&#8220; content_font=&#8220;Montserrat||||||||&#8220; subhead_font=&#8220;Montserrat||||||||&#8220; background_enable_color=&#8220;off&#8220; background_enable_image=&#8220;off&#8220; background_blend=&#8220;overlay&#8220; custom_button=&#8220;on&#8220; button_text_size=&#8220;14px&#8220; button_text_color=&#8220;#1abc89&#8243; button_bg_color=&#8220;#FFFFFF&#8220; button_border_width=&#8220;0px&#8220; button_border_radius=&#8220;3px&#8220; button_font=&#8220;Montserrat|600|||||||&#8220; text_orientation=&#8220;center&#8220; background_layout=&#8220;dark&#8220; custom_padding=&#8220;|25px||25px|false|true&#8220; button_font_last_edited=&#8220;off|desktop&#8220; border_width_all=&#8220;2px&#8220; border_color_all=&#8220;#FFFFFF&#8220; global_colors_info=&#8220;{}&#8220;][\/dsm_flipbox_child][dsm_flipbox_child button_text=&#8220;Mehr lesen&#8220; button_url=&#8220;@ET-DC@eyJkeW5hbWljIjp0cnVlLCJjb250ZW50IjoicG9zdF9saW5rX3VybF9wYWdlIiwic2V0dGluZ3MiOnsicG9zdF9pZCI6IjIzNDYyMiIsImVuYWJsZV9odG1sIjoib2ZmIn19@&#8220; button_url_new_window=&#8220;1&#8243; _builder_version=&#8220;4.20.4&#8243; _dynamic_attributes=&#8220;button_url&#8220; _module_preset=&#8220;default&#8220; header_font=&#8220;Montserrat|700|||||||&#8220; header_font_size=&#8220;22px&#8220; content_font=&#8220;|300|||||||&#8220; content_font_size=&#8220;16px&#8220; subhead_font=&#8220;Montserrat||||||||&#8220; background_color=&#8220;#4F4F4F&#8220; background_enable_color=&#8220;on&#8220; background_enable_image=&#8220;off&#8220; background_blend=&#8220;overlay&#8220; custom_button=&#8220;on&#8220; button_text_color=&#8220;#FFFFFF&#8220; button_bg_color=&#8220;#B87F13&#8243; button_border_color=&#8220;#B87F13&#8243; button_use_icon=&#8220;on&#8220; button_icon=&#8220;&#x24;||divi||400&#8243; text_orientation=&#8220;center&#8220; background_layout=&#8220;dark&#8220; custom_padding=&#8220;|20px||20px|false|true&#8220; sticky_position=&#8220;none&#8220; motion_trigger_start=&#8220;middle&#8220; global_colors_info=&#8220;{}&#8220;]<\/p>\n<p>Mit der richtigen Beleuchtung und den richtigen Effekten l\u00e4sst sich jede Veranstaltung optisch und kreativ ansprechender gestalten. Egal, ob Sie sich eine elegante und elegante Veranstaltung oder eine Disco-Nacht und eine wilde Party vorstellen, wir haben, was Sie suchen!<\/p>\n<p>[\/dsm_flipbox_child][\/dsm_flipbox][\/et_pb_column][et_pb_column type=&#8220;1_5&#8243; _builder_version=&#8220;4.20.4&#8243; _module_preset=&#8220;default&#8220; custom_padding=&#8220;0px|0px|0px|0px|true|true&#8220; border_radii=&#8220;off|10px|||&#8220; border_color_all=&#8220;#FFFFFF&#8220; global_colors_info=&#8220;{}&#8220;][dsm_card title=&#8220;Die Party kann beginnen!&#8220; layout=&#8220;inline&#8220; button_text=&#8220;Kontakt&#8220; button_url_new_window=&#8220;1&#8243; _builder_version=&#8220;4.21.2&#8243; _module_preset=&#8220;default&#8220; header_level=&#8220;h2&#8243; header_font=&#8220;|600|||||||&#8220; header_line_height=&#8220;1.5em&#8220; body_font=&#8220;||||||||&#8220; body_font_size=&#8220;16px&#8220; custom_button=&#8220;on&#8220; button_text_color=&#8220;#FFFFFF&#8220; button_bg_color=&#8220;#B87F13&#8243; button_border_color=&#8220;#B87F13&#8243; button_icon=&#8220;&#x24;||divi||400&#8243; text_orientation=&#8220;center&#8220; background_layout=&#8220;dark&#8220; height=&#8220;400px&#8220; max_height=&#8220;400px&#8220; hover_enabled=&#8220;0&#8243; dsm_modules_popup=&#8220;on&#8220; dsm_modules_popup_library=&#8220;245373&#8243; dsm_modules_popup_close_trigger=&#8220;false&#8220; dsm_modules_popup_close_button_placement=&#8220;false&#8220; dsm_modules_close_font_icon_size=&#8220;26px&#8220; dsm_modules_close_font_icon=&#8220;&#x51;||divi||400&#8243; dsm_modules_close_background_color=&#8220;#4F4F4F&#8220; dsm_modules_close_icon_color=&#8220;#FFFFFF&#8220; border_width_all=&#8220;2px&#8220; border_color_all=&#8220;#FFFFFF&#8220; global_colors_info=&#8220;{}&#8220; sticky_enabled=&#8220;0&#8243;]<\/p>\n<p>Nehmen Sie Kontakt mit uns auf und lassen Sie uns Ihre Veranstaltung unvergesslich machen.<\/p>\n<p>[\/dsm_card][\/et_pb_column][\/et_pb_row][\/et_pb_section]<\/p>\n","protected":false},"excerpt":{"rendered":"<p><div class=\"et_pb_with_border et_pb_module dsm_typing_effect dsm_typing_effect_0 et_pb_bg_layout_dark \">\n\t\t\t\t\n\t\t\t\t\n\t\t\t\t\n\t\t\t\t\n\t\t\t\t\n\t\t\t\t\n\t\t\t\t<div class=\"et_pb_module_inner\">\n\t\t\t\t\t<h1 class=\"dsm-typing-effect et_pb_module_header\" aria-label=\"die Hochzeit   die Taufe   die Firmenveranstaltung   die Modenschau   die Roadshow\"><span class=\"dsm-before-typing-effect\">Wir schaffen magische Momente f\u00fcr...<\/span> <br><span class=\"dsm-typing-wrapper\"><span class=\"dsm-typing-strings\">die Hochzeit   die Taufe   die Firmenveranstaltung   die Modenschau   die Roadshow<\/span><span class=\"dsm-typing\" aria-hidden=\"true\" data-dsm-typing-cursor=\"|\" data-dsm-typing-strings=\"die Hochzeit | die Taufe | die Firmenveranstaltung | die Modenschau | die Roadshow\" data-dsm-typing-speed=100ms data-dsm-typing-backspeed=50ms data-dsm-typing-backdelay=700ms data-dsm-typing-loop=true data-dsm-typing-fadeout=false data-dsm-typing-shuffle=false data-dsm-typing-delay=0ms data-dsm-typing-viewport=80% data-dsm-typing-repeat=on><\/span><\/span><br><span class=\"dsm-after-typing-effect\">Ihrer Tr\u00e4ume!<\/span><\/h1>\n\t\t\t\t<\/div>\n\t\t\t<\/div><div class=\"et_pb_module dsm_flipbox dsm_flipbox_0\">\n\t\t\t\t\n\t\t\t\t\n\t\t\t\t\n\t\t\t\t\n\t\t\t\t\n\t\t\t\t\n\t\t\t\t<div class=\"et_pb_module_inner\">\n\t\t\t\t\t<div class=\"dsm-flipbox dsm-flipbox-effect-up dsm-flipbox-3d dsm_flipbox_hover\"><div class=\"et_pb_with_border et_pb_module dsm_flipbox_child dsm_flipbox_child_0 et_pb_bg_layout_dark  dsm_flipbox_icon_position_top\">\n\t\t\t\t\n\t\t\t\t\n\t\t\t\t\n\t\t\t\t\n\t\t\t\t\n\t\t\t\t\n\t\t\t\t<div class=\"et_pb_module_inner\">\n\t\t\t\t\t\n\t\t\t<div class=\"dsm_flipbox_child_image\"><span class=\"dsm_flipbox_child_image_wrap\"><span class=\"et-pb-icon\" style=\"color: #FFFFFF;\">&#xf0c0;<\/span><\/span><\/div>\n\t\t\t<div class=\"dsm_flipbox_wrapper et_pb_text_align_center\">\n\t\t\t\t<h2 class=\"dsm-title et_pb_module_header\">Wer wir sind<\/h2>\n\t\t\t\t\n\t\t\t\t\n\t\t\t\t\n\t\t\t<\/div>\n\t\t\t\t<\/div>\n\t\t\t<\/div><div class=\"et_pb_module dsm_flipbox_child dsm_flipbox_child_1 et_pb_bg_layout_dark  dsm_flipbox_icon_position_top\">\n\t\t\t\t\n\t\t\t\t\n\t\t\t\t\n\t\t\t\t\n\t\t\t\t\n\t\t\t\t\n\t\t\t\t<div class=\"et_pb_module_inner\">\n\t\t\t\t\t\n\t\t\t\n\t\t\t<div class=\"dsm_flipbox_wrapper et_pb_text_align_center\">\n\t\t\t\t\n\t\t\t\t\n\t\t\t\t<div class=\"dsm-content\">Unser Team besteht aus DJs mit Erfahrung in der Organisation von Veranstaltungen aller Art. Ob es sich um eine Hochzeit, eine Taufe, eine Party oder eine Firmenveranstaltung handelt, wir gehen auf Ihre Bed\u00fcrfnisse ein, um Ihnen ein einzigartiges Unterhaltungsprogramm zu bieten.<\/div>\n\t\t\t\t\n\t\t\t<\/div>\n\t\t\t\t<\/div>\n\t\t\t<\/div><\/div>\n\t\t\t\t<\/div>\n\t\t\t<\/div><div class=\"et_pb_module dsm_flipbox dsm_flipbox_1\">\n\t\t\t\t\n\t\t\t\t\n\t\t\t\t\n\t\t\t\t\n\t\t\t\t\n\t\t\t\t\n\t\t\t\t<div class=\"et_pb_module_inner\">\n\t\t\t\t\t<div class=\"dsm-flipbox dsm-flipbox-effect-right dsm-flipbox-3d dsm_flipbox_hover\"><\/div>\n\t\t\t\t<\/div>\n\t\t\t<\/div><div class=\"et_pb_module dsm_flipbox_child dsm_flipbox_child_2 et_pb_bg_layout_light  dsm_flipbox_icon_position_top\">\n\t\t\t\t\n\t\t\t\t\n\t\t\t\t\n\t\t\t\t\n\t\t\t\t\n\t\t\t\t\n\t\t\t\t<div class=\"et_pb_module_inner\">\n\t\t\t\t\t\n\t\t\t<div class=\"dsm_flipbox_child_image\"><span class=\"dsm_flipbox_child_image_wrap\"><span class=\"et-pb-icon\" style=\"color: &#8220;#FFFFFF&#8220;;\"><\/span><\/span><\/div>\n\t\t\t<div class=\"dsm_flipbox_wrapper et_pb_text_align_left\">\n\t\t\t\t<h2 class=\"dsm-title et_pb_module_header\">&#8220;Firmenveranstaltungen&#8220;<\/h2>\n\t\t\t\t\n\t\t\t\t\n\t\t\t\t\n\t\t\t<\/div>\n\t\t\t\t<\/div>\n\t\t\t<\/div><\/p>\n","protected":false},"author":1,"featured_media":0,"parent":0,"menu_order":0,"comment_status":"closed","ping_status":"closed","template":"","meta":{"_et_pb_use_builder":"on","_et_pb_old_content":"","_et_gb_content_width":"","footnotes":""},"class_list":["post-245323","page","type-page","status-publish","hentry"],"_links":{"self":[{"href":"https:\/\/tsisma.com\/de\/wp-json\/wp\/v2\/pages\/245323","targetHints":{"allow":["GET"]}}],"collection":[{"href":"https:\/\/tsisma.com\/de\/wp-json\/wp\/v2\/pages"}],"about":[{"href":"https:\/\/tsisma.com\/de\/wp-json\/wp\/v2\/types\/page"}],"author":[{"embeddable":true,"href":"https:\/\/tsisma.com\/de\/wp-json\/wp\/v2\/users\/1"}],"replies":[{"embeddable":true,"href":"https:\/\/tsisma.com\/de\/wp-json\/wp\/v2\/comments?post=245323"}],"version-history":[{"count":0,"href":"https:\/\/tsisma.com\/de\/wp-json\/wp\/v2\/pages\/245323\/revisions"}],"wp:attachment":[{"href":"https:\/\/tsisma.com\/de\/wp-json\/wp\/v2\/media?parent=245323"}],"curies":[{"name":"wp","href":"https:\/\/api.w.org\/{rel}","templated":true}]}}